{"id":997,"date":"2015-07-03T15:15:23","date_gmt":"2015-07-03T13:15:23","guid":{"rendered":"http:\/\/www.qslconcept.com\/be\/produit\/cartes-eyeball-cartes-de-visite-275g-ecopellicule-brillant-recto-verso-mat\/"},"modified":"2017-01-01T23:32:28","modified_gmt":"2017-01-01T22:32:28","slug":"carteseyeball275geco","status":"publish","type":"product","link":"https:\/\/www.qslconcept.com\/be\/produit\/carteseyeball275geco\/","title":{"rendered":"Cartes Eyeball (cartes de visite) 275g ECO<br \/>Pellicul\u00e9 brillant recto, verso mat"},"content":{"rendered":"<p><img decoding=\"async\" src=\"http:\/\/qslconcept.com\/images\/dotgreen.jpg\" alt=\"\" \/> <span style=\"color: red;\"><strong>100% SATISFACTION GARANTIE<\/strong><\/span> pour vos visuels : nous ajustons les maquettes jusqu&#039;\u00e0 ce que vous soyez 100% satisfait du r\u00e9sultat.<\/p>\n","protected":false},"excerpt":{"rendered":"<p><img decoding=\"async\" src=\"http:\/\/qslconcept.com\/images\/dotgreen.jpg\" alt=\"\" \/> Quantit\u00e9 : 100 \u00e0 100000 exemplaires<br \/>\n<img decoding=\"async\" src=\"http:\/\/qslconcept.com\/images\/dotgreen.jpg\" alt=\"\" \/> 8,5 x 5,4 cm ou 8,9 x 5,1 cm au m\u00eame tarif<br \/>\n<img decoding=\"async\" src=\"http:\/\/qslconcept.com\/images\/dotgreen.jpg\" alt=\"\" \/> Impression offset couleurs recto\/verso<br \/>\n<img decoding=\"async\" src=\"http:\/\/qslconcept.com\/images\/dotgreen.jpg\" alt=\"\" \/> <span style=\"color: red;\">GRATUIT<\/span> : contr\u00f4le des fichiers<br \/>\n<img decoding=\"async\" src=\"http:\/\/qslconcept.com\/images\/dotgreen.jpg\" alt=\"\" \/> <span style=\"color: red;\">GRATUIT<\/span> : mise en place de la maquette<br \/>\n<img decoding=\"async\" src=\"http:\/\/qslconcept.com\/images\/dotgreen.jpg\" alt=\"\" \/> <span style=\"color: red;\">GRATUIT<\/span> : exp\u00e9dition en Belgique et au Luxembourg<\/p>\n","protected":false},"featured_media":112,"comment_status":"open","ping_status":"closed","template":"","meta":{"_links_to":"","_links_to_target":""},"product_brand":[],"product_cat":[6],"product_tag":[],"class_list":{"0":"post-997","1":"product","2":"type-product","3":"status-publish","4":"has-post-thumbnail","6":"product_cat-produits","8":"first","9":"outofstock","10":"shipping-taxable","11":"purchasable","12":"product-type-variable","13":"has-default-attributes"},"yoast_head":"<!-- This site is optimized with the Yoast SEO plugin v27.2 - https:\/\/yoast.com\/product\/yoast-seo-wordpress\/ -->\n<title>Cartes Eyeball (cartes de visite) 275g ECOPellicul\u00e9 brillant recto, verso mat - QSL Concept<\/title>\n<meta name=\"robots\" content=\"index, follow, max-snippet:-1, max-image-preview:large, max-video-preview:-1\" \/>\n<link rel=\"canonical\" href=\"https:\/\/www.qslconcept.com\/be\/produit\/carteseyeball275geco\/\" \/>\n<meta property=\"og:locale\" content=\"fr_FR\" \/>\n<meta property=\"og:type\" content=\"article\" \/>\n<meta property=\"og:title\" content=\"Cartes Eyeball (cartes de visite) 275g ECOPellicul\u00e9 brillant recto, verso mat - QSL Concept\" \/>\n<meta property=\"og:description\" content=\"Quantit\u00e9 : 100 \u00e0 100000 exemplaires  8,5 x 5,4 cm ou 8,9 x 5,1 cm au m\u00eame tarif  Impression offset couleurs recto\/verso  GRATUIT : contr\u00f4le des fichiers  GRATUIT : mise en place de la maquette  GRATUIT : exp\u00e9dition en Belgique et au Luxembourg\" \/>\n<meta property=\"og:url\" content=\"https:\/\/www.qslconcept.com\/be\/produit\/carteseyeball275geco\/\" \/>\n<meta property=\"og:site_name\" content=\"QSL Concept\" \/>\n<meta property=\"article:modified_time\" content=\"2017-01-01T22:32:28+00:00\" \/>\n<meta property=\"og:image\" content=\"https:\/\/www.qslconcept.com\/be\/wp-content\/uploads\/2015\/06\/qslcards.jpg\" \/>\n\t<meta property=\"og:image:width\" content=\"451\" \/>\n\t<meta property=\"og:image:height\" content=\"450\" \/>\n\t<meta property=\"og:image:type\" content=\"image\/jpeg\" \/>\n<meta name=\"twitter:card\" content=\"summary_large_image\" \/>\n<script type=\"application\/ld+json\" class=\"yoast-schema-graph\">{\"@context\":\"https:\/\/schema.org\",\"@graph\":[{\"@type\":\"WebPage\",\"@id\":\"https:\/\/www.qslconcept.com\/be\/produit\/carteseyeball275geco\/\",\"url\":\"https:\/\/www.qslconcept.com\/be\/produit\/carteseyeball275geco\/\",\"name\":\"Cartes Eyeball (cartes de visite) 275g ECO Pellicul\u00e9 brillant recto, verso mat - QSL Concept\",\"isPartOf\":{\"@id\":\"https:\/\/www.qslconcept.com\/be\/#website\"},\"primaryImageOfPage\":{\"@id\":\"https:\/\/www.qslconcept.com\/be\/produit\/carteseyeball275geco\/#primaryimage\"},\"image\":{\"@id\":\"https:\/\/www.qslconcept.com\/be\/produit\/carteseyeball275geco\/#primaryimage\"},\"thumbnailUrl\":\"https:\/\/www.qslconcept.com\/be\/wp-content\/uploads\/2015\/06\/qslcards.jpg\",\"datePublished\":\"2015-07-03T13:15:23+00:00\",\"dateModified\":\"2017-01-01T22:32:28+00:00\",\"breadcrumb\":{\"@id\":\"https:\/\/www.qslconcept.com\/be\/produit\/carteseyeball275geco\/#breadcrumb\"},\"inLanguage\":\"fr-FR\",\"potentialAction\":[{\"@type\":\"ReadAction\",\"target\":[\"https:\/\/www.qslconcept.com\/be\/produit\/carteseyeball275geco\/\"]}]},{\"@type\":\"ImageObject\",\"inLanguage\":\"fr-FR\",\"@id\":\"https:\/\/www.qslconcept.com\/be\/produit\/carteseyeball275geco\/#primaryimage\",\"url\":\"https:\/\/www.qslconcept.com\/be\/wp-content\/uploads\/2015\/06\/qslcards.jpg\",\"contentUrl\":\"https:\/\/www.qslconcept.com\/be\/wp-content\/uploads\/2015\/06\/qslcards.jpg\",\"width\":451,\"height\":450,\"caption\":\"Cartes QSL\"},{\"@type\":\"BreadcrumbList\",\"@id\":\"https:\/\/www.qslconcept.com\/be\/produit\/carteseyeball275geco\/#breadcrumb\",\"itemListElement\":[{\"@type\":\"ListItem\",\"position\":1,\"name\":\"Accueil\",\"item\":\"https:\/\/www.qslconcept.com\/be\/\"},{\"@type\":\"ListItem\",\"position\":2,\"name\":\"Boutique\",\"item\":\"https:\/\/www.qslconcept.com\/be\/boutique\/\"},{\"@type\":\"ListItem\",\"position\":3,\"name\":\"Cartes Eyeball (cartes de visite) 275g ECOPellicul\u00e9 brillant recto, verso mat\"}]},{\"@type\":\"WebSite\",\"@id\":\"https:\/\/www.qslconcept.com\/be\/#website\",\"url\":\"https:\/\/www.qslconcept.com\/be\/\",\"name\":\"QSL Concept\",\"description\":\"Impression de cartes QSL France, Belgique et toute l&#039;Union Europ\u00e9enne\",\"potentialAction\":[{\"@type\":\"SearchAction\",\"target\":{\"@type\":\"EntryPoint\",\"urlTemplate\":\"https:\/\/www.qslconcept.com\/be\/?s={search_term_string}\"},\"query-input\":{\"@type\":\"PropertyValueSpecification\",\"valueRequired\":true,\"valueName\":\"search_term_string\"}}],\"inLanguage\":\"fr-FR\"}]}<\/script>\n<!-- \/ Yoast SEO plugin. -->","yoast_head_json":{"title":"Cartes Eyeball (cartes de visite) 275g ECOPellicul\u00e9 brillant recto, verso mat - QSL Concept","robots":{"index":"index","follow":"follow","max-snippet":"max-snippet:-1","max-image-preview":"max-image-preview:large","max-video-preview":"max-video-preview:-1"},"canonical":"https:\/\/www.qslconcept.com\/be\/produit\/carteseyeball275geco\/","og_locale":"fr_FR","og_type":"article","og_title":"Cartes Eyeball (cartes de visite) 275g ECOPellicul\u00e9 brillant recto, verso mat - QSL Concept","og_description":"Quantit\u00e9 : 100 \u00e0 100000 exemplaires  8,5 x 5,4 cm ou 8,9 x 5,1 cm au m\u00eame tarif  Impression offset couleurs recto\/verso  GRATUIT : contr\u00f4le des fichiers  GRATUIT : mise en place de la maquette  GRATUIT : exp\u00e9dition en Belgique et au Luxembourg","og_url":"https:\/\/www.qslconcept.com\/be\/produit\/carteseyeball275geco\/","og_site_name":"QSL Concept","article_modified_time":"2017-01-01T22:32:28+00:00","og_image":[{"width":451,"height":450,"url":"https:\/\/www.qslconcept.com\/be\/wp-content\/uploads\/2015\/06\/qslcards.jpg","type":"image\/jpeg"}],"twitter_card":"summary_large_image","schema":{"@context":"https:\/\/schema.org","@graph":[{"@type":"WebPage","@id":"https:\/\/www.qslconcept.com\/be\/produit\/carteseyeball275geco\/","url":"https:\/\/www.qslconcept.com\/be\/produit\/carteseyeball275geco\/","name":"Cartes Eyeball (cartes de visite) 275g ECO Pellicul\u00e9 brillant recto, verso mat - QSL Concept","isPartOf":{"@id":"https:\/\/www.qslconcept.com\/be\/#website"},"primaryImageOfPage":{"@id":"https:\/\/www.qslconcept.com\/be\/produit\/carteseyeball275geco\/#primaryimage"},"image":{"@id":"https:\/\/www.qslconcept.com\/be\/produit\/carteseyeball275geco\/#primaryimage"},"thumbnailUrl":"https:\/\/www.qslconcept.com\/be\/wp-content\/uploads\/2015\/06\/qslcards.jpg","datePublished":"2015-07-03T13:15:23+00:00","dateModified":"2017-01-01T22:32:28+00:00","breadcrumb":{"@id":"https:\/\/www.qslconcept.com\/be\/produit\/carteseyeball275geco\/#breadcrumb"},"inLanguage":"fr-FR","potentialAction":[{"@type":"ReadAction","target":["https:\/\/www.qslconcept.com\/be\/produit\/carteseyeball275geco\/"]}]},{"@type":"ImageObject","inLanguage":"fr-FR","@id":"https:\/\/www.qslconcept.com\/be\/produit\/carteseyeball275geco\/#primaryimage","url":"https:\/\/www.qslconcept.com\/be\/wp-content\/uploads\/2015\/06\/qslcards.jpg","contentUrl":"https:\/\/www.qslconcept.com\/be\/wp-content\/uploads\/2015\/06\/qslcards.jpg","width":451,"height":450,"caption":"Cartes QSL"},{"@type":"BreadcrumbList","@id":"https:\/\/www.qslconcept.com\/be\/produit\/carteseyeball275geco\/#breadcrumb","itemListElement":[{"@type":"ListItem","position":1,"name":"Accueil","item":"https:\/\/www.qslconcept.com\/be\/"},{"@type":"ListItem","position":2,"name":"Boutique","item":"https:\/\/www.qslconcept.com\/be\/boutique\/"},{"@type":"ListItem","position":3,"name":"Cartes Eyeball (cartes de visite) 275g ECOPellicul\u00e9 brillant recto, verso mat"}]},{"@type":"WebSite","@id":"https:\/\/www.qslconcept.com\/be\/#website","url":"https:\/\/www.qslconcept.com\/be\/","name":"QSL Concept","description":"Impression de cartes QSL France, Belgique et toute l&#039;Union Europ\u00e9enne","potentialAction":[{"@type":"SearchAction","target":{"@type":"EntryPoint","urlTemplate":"https:\/\/www.qslconcept.com\/be\/?s={search_term_string}"},"query-input":{"@type":"PropertyValueSpecification","valueRequired":true,"valueName":"search_term_string"}}],"inLanguage":"fr-FR"}]}},"_links":{"self":[{"href":"https:\/\/www.qslconcept.com\/be\/wp-json\/wp\/v2\/product\/997","targetHints":{"allow":["GET"]}}],"collection":[{"href":"https:\/\/www.qslconcept.com\/be\/wp-json\/wp\/v2\/product"}],"about":[{"href":"https:\/\/www.qslconcept.com\/be\/wp-json\/wp\/v2\/types\/product"}],"replies":[{"embeddable":true,"href":"https:\/\/www.qslconcept.com\/be\/wp-json\/wp\/v2\/comments?post=997"}],"wp:featuredmedia":[{"embeddable":true,"href":"https:\/\/www.qslconcept.com\/be\/wp-json\/wp\/v2\/media\/112"}],"wp:attachment":[{"href":"https:\/\/www.qslconcept.com\/be\/wp-json\/wp\/v2\/media?parent=997"}],"wp:term":[{"taxonomy":"product_brand","embeddable":true,"href":"https:\/\/www.qslconcept.com\/be\/wp-json\/wp\/v2\/product_brand?post=997"},{"taxonomy":"product_cat","embeddable":true,"href":"https:\/\/www.qslconcept.com\/be\/wp-json\/wp\/v2\/product_cat?post=997"},{"taxonomy":"product_tag","embeddable":true,"href":"https:\/\/www.qslconcept.com\/be\/wp-json\/wp\/v2\/product_tag?post=997"}],"curies":[{"name":"wp","href":"https:\/\/api.w.org\/{rel}","templated":true}]}}