{"id":1935,"date":"2023-08-15T05:15:21","date_gmt":"2023-08-15T03:15:21","guid":{"rendered":"https:\/\/www.qslconcept.com\/be\/?post_type=product&#038;p=1935"},"modified":"2025-03-09T20:39:55","modified_gmt":"2025-03-09T19:39:55","slug":"1000qsl300gpls","status":"publish","type":"product","link":"https:\/\/www.qslconcept.com\/be\/produit\/1000qsl300gpls\/","title":{"rendered":"1000 Cartes QSL, Papier <span style=\"color: #2276F9;\">ECO+<\/span>,<br \/>300g Pellicul\u00e9 Brillant Recto"},"content":{"rendered":"\n<table id=\"tablepress-16\" class=\"tablepress tablepress-id-16\">\n<tbody>\n<tr class=\"row-1\">\n\t<td class=\"column-1\"><img decoding=\"async\" src=\"http:\/\/qslconcept.com\/images\/dotgreen.jpg\" alt=\"\" \/> <span style=\"color: red;\"><strong>REGLEMENT<\/strong><\/span><br \/>\n&nbsp;<br \/>\n<span style=\"color: red;\"><strong>100% SATISFACTION GARANTIE<\/strong><\/span> pour vos visuels :<br \/>\nNous ajustons les maquettes jusqu&#039;\u00e0 ce que vous soyez 100% satisfait du r\u00e9sultat.<br \/>\n<span style=\"color: red;\"><strong>TOUT PROJET D&#039;IMPRESSION DOIT ETRE REGLE AU MOMENT DE LA COMMANDE<\/strong><\/span><br \/>\n&nbsp;<br \/>\n&nbsp;<br \/>\n<img decoding=\"async\" src=\"http:\/\/qslconcept.com\/images\/dotgreen.jpg\" alt=\"\" \/> <span style=\"color: red;\"><strong>EXPEDITION<\/strong><\/span><br \/>\n&nbsp;<br \/>\n<span style=\"color: red;\"><strong>UNION EUROPEENNE<\/strong><\/span> : livraison <span style=\"color: red;\"><strong>GRATUITE<\/strong><\/span><br \/>\nL'exp\u00e9dition est effectu\u00e9e par transporteur directement \u00e0 une adresse unique, de votre choix.<br \/>\n&nbsp;<br \/>\n<span style=\"color: red;\"><strong>INTERNATIONAL<\/strong><\/span> : Merci de visiter le site QSL Concept pour le pays de votre choix : <a href=\"http:\/\/www.qslconcept.com\" target=\"_blank\"><span style=\"color: #009DDE;\"><strong>cliquez ici<\/strong><\/span><\/a> pour acc\u00e9der \u00e0 la page d'accueil g\u00e9n\u00e9rale.<br \/>\nPour les pays non disponibles, merci de nous contacter.<\/td>\n<\/tr>\n<\/tbody>\n<\/table>\n<!-- #tablepress-16 from cache -->\n","protected":false},"excerpt":{"rendered":"<p><img decoding=\"async\" src=\"http:\/\/qslconcept.com\/images\/dotgreen.jpg\" alt=\"\" \/> <strong>Quantit\u00e9<\/strong> : 1000 exemplaires<br \/>\n<img decoding=\"async\" src=\"http:\/\/qslconcept.com\/images\/dotgreen.jpg\" alt=\"\" \/> <strong>Papier<\/strong> : type fiche Bristol 250g (grammage 300g)<br \/>\n<img decoding=\"async\" src=\"http:\/\/qslconcept.com\/images\/dotgreen.jpg\" alt=\"\" \/> <strong>Finition<\/strong> : <span style=\"color: red;\"><strong>Pelliculage Brillant Recto<\/strong><\/span><br \/>\n<img decoding=\"async\" src=\"http:\/\/qslconcept.com\/images\/dotgreen.jpg\" alt=\"\" \/> <strong>Format<\/strong> : 9 x 14 cm ou 10 x 15 cm au m\u00eame tarif<br \/>\n<img decoding=\"async\" src=\"http:\/\/qslconcept.com\/images\/dotgreen.jpg\" alt=\"\" \/> <strong>Presse<\/strong> : offset quadri (noir et blanc au m\u00eame tarif)<br \/>\n<img decoding=\"async\" src=\"http:\/\/qslconcept.com\/images\/dotgreen.jpg\" alt=\"\" \/> <strong>Impression<\/strong> : recto\/verso (recto seul m\u00eame tarif)<\/p>\n<p><img decoding=\"async\" src=\"http:\/\/qslconcept.com\/images\/dotgreen.jpg\" alt=\"\" \/> <strong>D\u00e9lai STANDARD<\/strong> : Impression en <strong>10 \u00e0 14 jours ouvr\u00e9s, hors d\u00e9lais d&#039;exp\u00e9dition<\/strong>. La mise en impression s&#039;effectue en g\u00e9n\u00e9ral le lendemain de la validation de la commande.<br \/>\n&nbsp;<br \/>\n<img decoding=\"async\" src=\"http:\/\/qslconcept.com\/images\/dotgreen.jpg\" alt=\"\" \/> <span style=\"color: red;\"><strong>GRATUIT<\/span><\/strong> : contr\u00f4le des fichiers<br \/>\n<img decoding=\"async\" src=\"http:\/\/qslconcept.com\/images\/dotgreen.jpg\" alt=\"\" \/> <span style=\"color: red;\"><strong>GRATUIT<\/span><\/strong> : mise en place de la maquette<br \/>\n<img decoding=\"async\" src=\"http:\/\/qslconcept.com\/images\/dotgreen.jpg\" alt=\"\" \/> <span style=\"color: red;\"><strong>GRATUIT<\/span><\/strong> : exp\u00e9dition vers les pays de l&rsquo;Union Europ\u00e9enne<\/p>\n","protected":false},"featured_media":1330,"comment_status":"closed","ping_status":"closed","template":"","meta":{"_links_to":"","_links_to_target":""},"product_brand":[],"product_cat":[70,7],"product_tag":[],"class_list":{"0":"post-1935","1":"product","2":"type-product","3":"status-publish","4":"has-post-thumbnail","6":"product_cat-cartesqsl300gstandard","7":"product_cat-evenements","9":"first","10":"instock","11":"shipping-taxable","12":"purchasable","13":"product-type-variable","14":"has-default-attributes"},"yoast_head":"<!-- This site is optimized with the Yoast SEO plugin v27.2 - https:\/\/yoast.com\/product\/yoast-seo-wordpress\/ -->\n<title>1000 Cartes QSL, Papier ECO+,300g Pellicul\u00e9 Brillant Recto - QSL Concept<\/title>\n<meta name=\"robots\" content=\"index, follow, max-snippet:-1, max-image-preview:large, max-video-preview:-1\" \/>\n<link rel=\"canonical\" href=\"https:\/\/www.qslconcept.com\/be\/produit\/1000qsl300gpls\/\" \/>\n<meta property=\"og:locale\" content=\"fr_FR\" \/>\n<meta property=\"og:type\" content=\"article\" \/>\n<meta property=\"og:title\" content=\"1000 Cartes QSL, Papier ECO+,300g Pellicul\u00e9 Brillant Recto - QSL Concept\" \/>\n<meta property=\"og:description\" content=\"Quantit\u00e9 : 1000 exemplaires  Papier : type fiche Bristol 250g (grammage 300g)  Finition : Pelliculage Brillant Recto  Format : 9 x 14 cm ou 10 x 15 cm au m\u00eame tarif  Presse : offset quadri (noir et blanc au m\u00eame tarif)  Impression : recto\/verso (recto seul m\u00eame tarif)   D\u00e9lai STANDARD : Impression en 10 \u00e0 14 jours ouvr\u00e9s, hors d\u00e9lais d&#039;exp\u00e9dition. La mise en impression s&#039;effectue en g\u00e9n\u00e9ral le lendemain de la validation de la commande. &nbsp;  GRATUIT : contr\u00f4le des fichiers  GRATUIT : mise en place de la maquette  GRATUIT : exp\u00e9dition vers les pays de l&#039;Union Europ\u00e9enne\" \/>\n<meta property=\"og:url\" content=\"https:\/\/www.qslconcept.com\/be\/produit\/1000qsl300gpls\/\" \/>\n<meta property=\"og:site_name\" content=\"QSL Concept\" \/>\n<meta property=\"article:modified_time\" content=\"2025-03-09T19:39:55+00:00\" \/>\n<meta property=\"og:image\" content=\"https:\/\/www.qslconcept.com\/be\/wp-content\/uploads\/2017\/04\/Europe102015.jpg\" \/>\n\t<meta property=\"og:image:width\" content=\"450\" \/>\n\t<meta property=\"og:image:height\" content=\"450\" \/>\n\t<meta property=\"og:image:type\" content=\"image\/jpeg\" \/>\n<meta name=\"twitter:card\" content=\"summary_large_image\" \/>\n<meta name=\"twitter:label1\" content=\"Dur\u00e9e de lecture estim\u00e9e\" \/>\n\t<meta name=\"twitter:data1\" content=\"1 minute\" \/>\n<script type=\"application\/ld+json\" class=\"yoast-schema-graph\">{\"@context\":\"https:\/\/schema.org\",\"@graph\":[{\"@type\":\"WebPage\",\"@id\":\"https:\/\/www.qslconcept.com\/be\/produit\/1000qsl300gpls\/\",\"url\":\"https:\/\/www.qslconcept.com\/be\/produit\/1000qsl300gpls\/\",\"name\":\"1000 Cartes QSL, Papier ECO+, 300g Pellicul\u00e9 Brillant Recto - QSL Concept\",\"isPartOf\":{\"@id\":\"https:\/\/www.qslconcept.com\/be\/#website\"},\"primaryImageOfPage\":{\"@id\":\"https:\/\/www.qslconcept.com\/be\/produit\/1000qsl300gpls\/#primaryimage\"},\"image\":{\"@id\":\"https:\/\/www.qslconcept.com\/be\/produit\/1000qsl300gpls\/#primaryimage\"},\"thumbnailUrl\":\"https:\/\/www.qslconcept.com\/be\/wp-content\/uploads\/2017\/04\/Europe102015.jpg\",\"datePublished\":\"2023-08-15T03:15:21+00:00\",\"dateModified\":\"2025-03-09T19:39:55+00:00\",\"breadcrumb\":{\"@id\":\"https:\/\/www.qslconcept.com\/be\/produit\/1000qsl300gpls\/#breadcrumb\"},\"inLanguage\":\"fr-FR\",\"potentialAction\":[{\"@type\":\"ReadAction\",\"target\":[\"https:\/\/www.qslconcept.com\/be\/produit\/1000qsl300gpls\/\"]}]},{\"@type\":\"ImageObject\",\"inLanguage\":\"fr-FR\",\"@id\":\"https:\/\/www.qslconcept.com\/be\/produit\/1000qsl300gpls\/#primaryimage\",\"url\":\"https:\/\/www.qslconcept.com\/be\/wp-content\/uploads\/2017\/04\/Europe102015.jpg\",\"contentUrl\":\"https:\/\/www.qslconcept.com\/be\/wp-content\/uploads\/2017\/04\/Europe102015.jpg\",\"width\":450,\"height\":450,\"caption\":\"Cartes QSL simples\"},{\"@type\":\"BreadcrumbList\",\"@id\":\"https:\/\/www.qslconcept.com\/be\/produit\/1000qsl300gpls\/#breadcrumb\",\"itemListElement\":[{\"@type\":\"ListItem\",\"position\":1,\"name\":\"Accueil\",\"item\":\"https:\/\/www.qslconcept.com\/be\/\"},{\"@type\":\"ListItem\",\"position\":2,\"name\":\"Boutique\",\"item\":\"https:\/\/www.qslconcept.com\/be\/boutique\/\"},{\"@type\":\"ListItem\",\"position\":3,\"name\":\"1000 Cartes QSL, Papier ECO+,300g Pellicul\u00e9 Brillant Recto\"}]},{\"@type\":\"WebSite\",\"@id\":\"https:\/\/www.qslconcept.com\/be\/#website\",\"url\":\"https:\/\/www.qslconcept.com\/be\/\",\"name\":\"QSL Concept\",\"description\":\"Impression de cartes QSL France, Belgique et toute l&#039;Union Europ\u00e9enne\",\"potentialAction\":[{\"@type\":\"SearchAction\",\"target\":{\"@type\":\"EntryPoint\",\"urlTemplate\":\"https:\/\/www.qslconcept.com\/be\/?s={search_term_string}\"},\"query-input\":{\"@type\":\"PropertyValueSpecification\",\"valueRequired\":true,\"valueName\":\"search_term_string\"}}],\"inLanguage\":\"fr-FR\"}]}<\/script>\n<!-- \/ Yoast SEO plugin. -->","yoast_head_json":{"title":"1000 Cartes QSL, Papier ECO+,300g Pellicul\u00e9 Brillant Recto - QSL Concept","robots":{"index":"index","follow":"follow","max-snippet":"max-snippet:-1","max-image-preview":"max-image-preview:large","max-video-preview":"max-video-preview:-1"},"canonical":"https:\/\/www.qslconcept.com\/be\/produit\/1000qsl300gpls\/","og_locale":"fr_FR","og_type":"article","og_title":"1000 Cartes QSL, Papier ECO+,300g Pellicul\u00e9 Brillant Recto - QSL Concept","og_description":"Quantit\u00e9 : 1000 exemplaires  Papier : type fiche Bristol 250g (grammage 300g)  Finition : Pelliculage Brillant Recto  Format : 9 x 14 cm ou 10 x 15 cm au m\u00eame tarif  Presse : offset quadri (noir et blanc au m\u00eame tarif)  Impression : recto\/verso (recto seul m\u00eame tarif)   D\u00e9lai STANDARD : Impression en 10 \u00e0 14 jours ouvr\u00e9s, hors d\u00e9lais d&#039;exp\u00e9dition. La mise en impression s&#039;effectue en g\u00e9n\u00e9ral le lendemain de la validation de la commande. &nbsp;  GRATUIT : contr\u00f4le des fichiers  GRATUIT : mise en place de la maquette  GRATUIT : exp\u00e9dition vers les pays de l'Union Europ\u00e9enne","og_url":"https:\/\/www.qslconcept.com\/be\/produit\/1000qsl300gpls\/","og_site_name":"QSL Concept","article_modified_time":"2025-03-09T19:39:55+00:00","og_image":[{"width":450,"height":450,"url":"https:\/\/www.qslconcept.com\/be\/wp-content\/uploads\/2017\/04\/Europe102015.jpg","type":"image\/jpeg"}],"twitter_card":"summary_large_image","twitter_misc":{"Dur\u00e9e de lecture estim\u00e9e":"1 minute"},"schema":{"@context":"https:\/\/schema.org","@graph":[{"@type":"WebPage","@id":"https:\/\/www.qslconcept.com\/be\/produit\/1000qsl300gpls\/","url":"https:\/\/www.qslconcept.com\/be\/produit\/1000qsl300gpls\/","name":"1000 Cartes QSL, Papier ECO+, 300g Pellicul\u00e9 Brillant Recto - QSL Concept","isPartOf":{"@id":"https:\/\/www.qslconcept.com\/be\/#website"},"primaryImageOfPage":{"@id":"https:\/\/www.qslconcept.com\/be\/produit\/1000qsl300gpls\/#primaryimage"},"image":{"@id":"https:\/\/www.qslconcept.com\/be\/produit\/1000qsl300gpls\/#primaryimage"},"thumbnailUrl":"https:\/\/www.qslconcept.com\/be\/wp-content\/uploads\/2017\/04\/Europe102015.jpg","datePublished":"2023-08-15T03:15:21+00:00","dateModified":"2025-03-09T19:39:55+00:00","breadcrumb":{"@id":"https:\/\/www.qslconcept.com\/be\/produit\/1000qsl300gpls\/#breadcrumb"},"inLanguage":"fr-FR","potentialAction":[{"@type":"ReadAction","target":["https:\/\/www.qslconcept.com\/be\/produit\/1000qsl300gpls\/"]}]},{"@type":"ImageObject","inLanguage":"fr-FR","@id":"https:\/\/www.qslconcept.com\/be\/produit\/1000qsl300gpls\/#primaryimage","url":"https:\/\/www.qslconcept.com\/be\/wp-content\/uploads\/2017\/04\/Europe102015.jpg","contentUrl":"https:\/\/www.qslconcept.com\/be\/wp-content\/uploads\/2017\/04\/Europe102015.jpg","width":450,"height":450,"caption":"Cartes QSL simples"},{"@type":"BreadcrumbList","@id":"https:\/\/www.qslconcept.com\/be\/produit\/1000qsl300gpls\/#breadcrumb","itemListElement":[{"@type":"ListItem","position":1,"name":"Accueil","item":"https:\/\/www.qslconcept.com\/be\/"},{"@type":"ListItem","position":2,"name":"Boutique","item":"https:\/\/www.qslconcept.com\/be\/boutique\/"},{"@type":"ListItem","position":3,"name":"1000 Cartes QSL, Papier ECO+,300g Pellicul\u00e9 Brillant Recto"}]},{"@type":"WebSite","@id":"https:\/\/www.qslconcept.com\/be\/#website","url":"https:\/\/www.qslconcept.com\/be\/","name":"QSL Concept","description":"Impression de cartes QSL France, Belgique et toute l&#039;Union Europ\u00e9enne","potentialAction":[{"@type":"SearchAction","target":{"@type":"EntryPoint","urlTemplate":"https:\/\/www.qslconcept.com\/be\/?s={search_term_string}"},"query-input":{"@type":"PropertyValueSpecification","valueRequired":true,"valueName":"search_term_string"}}],"inLanguage":"fr-FR"}]}},"_links":{"self":[{"href":"https:\/\/www.qslconcept.com\/be\/wp-json\/wp\/v2\/product\/1935","targetHints":{"allow":["GET"]}}],"collection":[{"href":"https:\/\/www.qslconcept.com\/be\/wp-json\/wp\/v2\/product"}],"about":[{"href":"https:\/\/www.qslconcept.com\/be\/wp-json\/wp\/v2\/types\/product"}],"replies":[{"embeddable":true,"href":"https:\/\/www.qslconcept.com\/be\/wp-json\/wp\/v2\/comments?post=1935"}],"wp:featuredmedia":[{"embeddable":true,"href":"https:\/\/www.qslconcept.com\/be\/wp-json\/wp\/v2\/media\/1330"}],"wp:attachment":[{"href":"https:\/\/www.qslconcept.com\/be\/wp-json\/wp\/v2\/media?parent=1935"}],"wp:term":[{"taxonomy":"product_brand","embeddable":true,"href":"https:\/\/www.qslconcept.com\/be\/wp-json\/wp\/v2\/product_brand?post=1935"},{"taxonomy":"product_cat","embeddable":true,"href":"https:\/\/www.qslconcept.com\/be\/wp-json\/wp\/v2\/product_cat?post=1935"},{"taxonomy":"product_tag","embeddable":true,"href":"https:\/\/www.qslconcept.com\/be\/wp-json\/wp\/v2\/product_tag?post=1935"}],"curies":[{"name":"wp","href":"https:\/\/api.w.org\/{rel}","templated":true}]}}