{"id":1565,"date":"2020-04-04T09:42:49","date_gmt":"2020-04-04T07:42:49","guid":{"rendered":"http:\/\/www.qslconcept.com\/be\/?post_type=product&#038;p=1565"},"modified":"2021-11-05T20:02:14","modified_gmt":"2021-11-05T19:02:14","slug":"cartes-cadeau","status":"publish","type":"product","link":"https:\/\/www.qslconcept.com\/be\/produit\/cartes-cadeau\/","title":{"rendered":"<b>CARTES CADEAU<\/b>, Offrez des Cartes QSL, des T-Shirts personnalis\u00e9s, ou tout autre produit"},"content":{"rendered":"","protected":false},"excerpt":{"rendered":"<p>Choisissez entre deux types de cartes cadeau :<br \/>\n&#8211; <b>Montant<\/b> (25\u20ac, 50\u20ac, 75\u20ac, 100\u20ac) qui peut \u00eatre utilis\u00e9 pour n&rsquo;importe quel produit sur notre site internet.<br \/>\n&#8211; <b>Quantit\u00e9<\/b> (100, 250, 500, 1000, sur papier 300g ECO ou 275g PREMIUM) qui peut \u00eatre utilis\u00e9e pour des cartes QSL ou n&rsquo;importe quel autre produit d&rsquo;imprimerie (TShirts, etc.)<\/p>\n<p>Merci de s\u00e9lectionner \u00e9galement une occasion comme message \u00e0 indiquer sur la carte dans la liste d\u00e9roulante.<\/p>\n<p>Une fois la commande finalis\u00e9e et r\u00e9gl\u00e9e, vous recevrez sous peu un e-mail avec la carte cadeau personalis\u00e9e avec le message que vous aurez choisi, ainsi que le code coupon qui permettra d&rsquo;utiliser la carte cadeau sur notre site internet.<\/p>\n<p><img decoding=\"async\" src=\"http:\/\/qslconcept.com\/images\/dotgreen.jpg\" alt=\"\" \/>\u00a0<span style=\"color: #ff0000;\"><strong>GRATUIT<\/strong><\/span> : Livraison DHL<br \/>\n<img decoding=\"async\" src=\"http:\/\/qslconcept.com\/images\/dotgreen.jpg\" alt=\"\" \/> <span style=\"color: #ff0000;\"><strong>GRATUIT<\/strong><\/span> :\u00a0Maquette \u00e0 partir des \u00e9l\u00e9ments fournis<br \/>\n<img decoding=\"async\" src=\"http:\/\/qslconcept.com\/images\/dotgreen.jpg\" alt=\"\" \/> <span style=\"color: red;\"><strong>GRATUIT<\/strong><\/span> :\u00a0Contr\u00f4le de vos fichiers<\/p>\n","protected":false},"featured_media":1581,"comment_status":"closed","ping_status":"closed","template":"","meta":{"_links_to":"","_links_to_target":""},"product_brand":[],"product_cat":[73],"product_tag":[],"class_list":{"0":"post-1565","1":"product","2":"type-product","3":"status-publish","4":"has-post-thumbnail","6":"product_cat-non-classe","8":"first","9":"instock","10":"shipping-taxable","11":"purchasable","12":"product-type-variable","13":"has-default-attributes"},"yoast_head":"<!-- This site is optimized with the Yoast SEO plugin v27.2 - https:\/\/yoast.com\/product\/yoast-seo-wordpress\/ -->\n<title>CARTES CADEAU, Offrez des Cartes QSL, des T-Shirts personnalis\u00e9s, ou tout autre produit - QSL Concept<\/title>\n<meta name=\"robots\" content=\"index, follow, max-snippet:-1, max-image-preview:large, max-video-preview:-1\" \/>\n<link rel=\"canonical\" href=\"https:\/\/www.qslconcept.com\/be\/produit\/cartes-cadeau\/\" \/>\n<meta property=\"og:locale\" content=\"fr_FR\" \/>\n<meta property=\"og:type\" content=\"article\" \/>\n<meta property=\"og:title\" content=\"CARTES CADEAU, Offrez des Cartes QSL, des T-Shirts personnalis\u00e9s, ou tout autre produit - QSL Concept\" \/>\n<meta property=\"og:description\" content=\"Choisissez entre deux types de cartes cadeau : - Montant (25\u20ac, 50\u20ac, 75\u20ac, 100\u20ac) qui peut \u00eatre utilis\u00e9 pour n&#039;importe quel produit sur notre site internet. - Quantit\u00e9 (100, 250, 500, 1000, sur papier 300g ECO ou 275g PREMIUM) qui peut \u00eatre utilis\u00e9e pour des cartes QSL ou n&#039;importe quel autre produit d&#039;imprimerie (TShirts, etc.)  Merci de s\u00e9lectionner \u00e9galement une occasion comme message \u00e0 indiquer sur la carte dans la liste d\u00e9roulante.  Une fois la commande finalis\u00e9e et r\u00e9gl\u00e9e, vous recevrez sous peu un e-mail avec la carte cadeau personalis\u00e9e avec le message que vous aurez choisi, ainsi que le code coupon qui permettra d&#039;utiliser la carte cadeau sur notre site internet.  \u00a0GRATUIT : Livraison DHL  GRATUIT :\u00a0Maquette \u00e0 partir des \u00e9l\u00e9ments fournis  GRATUIT :\u00a0Contr\u00f4le de vos fichiers\" \/>\n<meta property=\"og:url\" content=\"https:\/\/www.qslconcept.com\/be\/produit\/cartes-cadeau\/\" \/>\n<meta property=\"og:site_name\" content=\"QSL Concept\" \/>\n<meta property=\"article:modified_time\" content=\"2021-11-05T19:02:14+00:00\" \/>\n<meta property=\"og:image\" content=\"https:\/\/www.qslconcept.com\/be\/wp-content\/uploads\/2020\/04\/CartesCadeauPdt.jpg\" \/>\n\t<meta property=\"og:image:width\" content=\"1000\" \/>\n\t<meta property=\"og:image:height\" content=\"1000\" \/>\n\t<meta property=\"og:image:type\" content=\"image\/jpeg\" \/>\n<meta name=\"twitter:card\" content=\"summary_large_image\" \/>\n<script type=\"application\/ld+json\" class=\"yoast-schema-graph\">{\"@context\":\"https:\/\/schema.org\",\"@graph\":[{\"@type\":\"WebPage\",\"@id\":\"https:\/\/www.qslconcept.com\/be\/produit\/cartes-cadeau\/\",\"url\":\"https:\/\/www.qslconcept.com\/be\/produit\/cartes-cadeau\/\",\"name\":\"CARTES CADEAU, Offrez des Cartes QSL, des T-Shirts personnalis\u00e9s, ou tout autre produit - QSL Concept\",\"isPartOf\":{\"@id\":\"https:\/\/www.qslconcept.com\/be\/#website\"},\"primaryImageOfPage\":{\"@id\":\"https:\/\/www.qslconcept.com\/be\/produit\/cartes-cadeau\/#primaryimage\"},\"image\":{\"@id\":\"https:\/\/www.qslconcept.com\/be\/produit\/cartes-cadeau\/#primaryimage\"},\"thumbnailUrl\":\"https:\/\/www.qslconcept.com\/be\/wp-content\/uploads\/2020\/04\/CartesCadeauPdt.jpg\",\"datePublished\":\"2020-04-04T07:42:49+00:00\",\"dateModified\":\"2021-11-05T19:02:14+00:00\",\"breadcrumb\":{\"@id\":\"https:\/\/www.qslconcept.com\/be\/produit\/cartes-cadeau\/#breadcrumb\"},\"inLanguage\":\"fr-FR\",\"potentialAction\":[{\"@type\":\"ReadAction\",\"target\":[\"https:\/\/www.qslconcept.com\/be\/produit\/cartes-cadeau\/\"]}]},{\"@type\":\"ImageObject\",\"inLanguage\":\"fr-FR\",\"@id\":\"https:\/\/www.qslconcept.com\/be\/produit\/cartes-cadeau\/#primaryimage\",\"url\":\"https:\/\/www.qslconcept.com\/be\/wp-content\/uploads\/2020\/04\/CartesCadeauPdt.jpg\",\"contentUrl\":\"https:\/\/www.qslconcept.com\/be\/wp-content\/uploads\/2020\/04\/CartesCadeauPdt.jpg\",\"width\":1000,\"height\":1000},{\"@type\":\"BreadcrumbList\",\"@id\":\"https:\/\/www.qslconcept.com\/be\/produit\/cartes-cadeau\/#breadcrumb\",\"itemListElement\":[{\"@type\":\"ListItem\",\"position\":1,\"name\":\"Accueil\",\"item\":\"https:\/\/www.qslconcept.com\/be\/\"},{\"@type\":\"ListItem\",\"position\":2,\"name\":\"Boutique\",\"item\":\"https:\/\/www.qslconcept.com\/be\/boutique\/\"},{\"@type\":\"ListItem\",\"position\":3,\"name\":\"CARTES CADEAU, Offrez des Cartes QSL, des T-Shirts personnalis\u00e9s, ou tout autre produit\"}]},{\"@type\":\"WebSite\",\"@id\":\"https:\/\/www.qslconcept.com\/be\/#website\",\"url\":\"https:\/\/www.qslconcept.com\/be\/\",\"name\":\"QSL Concept\",\"description\":\"Impression de cartes QSL France, Belgique et toute l&#039;Union Europ\u00e9enne\",\"potentialAction\":[{\"@type\":\"SearchAction\",\"target\":{\"@type\":\"EntryPoint\",\"urlTemplate\":\"https:\/\/www.qslconcept.com\/be\/?s={search_term_string}\"},\"query-input\":{\"@type\":\"PropertyValueSpecification\",\"valueRequired\":true,\"valueName\":\"search_term_string\"}}],\"inLanguage\":\"fr-FR\"}]}<\/script>\n<!-- \/ Yoast SEO plugin. -->","yoast_head_json":{"title":"CARTES CADEAU, Offrez des Cartes QSL, des T-Shirts personnalis\u00e9s, ou tout autre produit - QSL Concept","robots":{"index":"index","follow":"follow","max-snippet":"max-snippet:-1","max-image-preview":"max-image-preview:large","max-video-preview":"max-video-preview:-1"},"canonical":"https:\/\/www.qslconcept.com\/be\/produit\/cartes-cadeau\/","og_locale":"fr_FR","og_type":"article","og_title":"CARTES CADEAU, Offrez des Cartes QSL, des T-Shirts personnalis\u00e9s, ou tout autre produit - QSL Concept","og_description":"Choisissez entre deux types de cartes cadeau : - Montant (25\u20ac, 50\u20ac, 75\u20ac, 100\u20ac) qui peut \u00eatre utilis\u00e9 pour n'importe quel produit sur notre site internet. - Quantit\u00e9 (100, 250, 500, 1000, sur papier 300g ECO ou 275g PREMIUM) qui peut \u00eatre utilis\u00e9e pour des cartes QSL ou n'importe quel autre produit d'imprimerie (TShirts, etc.)  Merci de s\u00e9lectionner \u00e9galement une occasion comme message \u00e0 indiquer sur la carte dans la liste d\u00e9roulante.  Une fois la commande finalis\u00e9e et r\u00e9gl\u00e9e, vous recevrez sous peu un e-mail avec la carte cadeau personalis\u00e9e avec le message que vous aurez choisi, ainsi que le code coupon qui permettra d'utiliser la carte cadeau sur notre site internet.  \u00a0GRATUIT : Livraison DHL  GRATUIT :\u00a0Maquette \u00e0 partir des \u00e9l\u00e9ments fournis  GRATUIT :\u00a0Contr\u00f4le de vos fichiers","og_url":"https:\/\/www.qslconcept.com\/be\/produit\/cartes-cadeau\/","og_site_name":"QSL Concept","article_modified_time":"2021-11-05T19:02:14+00:00","og_image":[{"width":1000,"height":1000,"url":"https:\/\/www.qslconcept.com\/be\/wp-content\/uploads\/2020\/04\/CartesCadeauPdt.jpg","type":"image\/jpeg"}],"twitter_card":"summary_large_image","schema":{"@context":"https:\/\/schema.org","@graph":[{"@type":"WebPage","@id":"https:\/\/www.qslconcept.com\/be\/produit\/cartes-cadeau\/","url":"https:\/\/www.qslconcept.com\/be\/produit\/cartes-cadeau\/","name":"CARTES CADEAU, Offrez des Cartes QSL, des T-Shirts personnalis\u00e9s, ou tout autre produit - QSL Concept","isPartOf":{"@id":"https:\/\/www.qslconcept.com\/be\/#website"},"primaryImageOfPage":{"@id":"https:\/\/www.qslconcept.com\/be\/produit\/cartes-cadeau\/#primaryimage"},"image":{"@id":"https:\/\/www.qslconcept.com\/be\/produit\/cartes-cadeau\/#primaryimage"},"thumbnailUrl":"https:\/\/www.qslconcept.com\/be\/wp-content\/uploads\/2020\/04\/CartesCadeauPdt.jpg","datePublished":"2020-04-04T07:42:49+00:00","dateModified":"2021-11-05T19:02:14+00:00","breadcrumb":{"@id":"https:\/\/www.qslconcept.com\/be\/produit\/cartes-cadeau\/#breadcrumb"},"inLanguage":"fr-FR","potentialAction":[{"@type":"ReadAction","target":["https:\/\/www.qslconcept.com\/be\/produit\/cartes-cadeau\/"]}]},{"@type":"ImageObject","inLanguage":"fr-FR","@id":"https:\/\/www.qslconcept.com\/be\/produit\/cartes-cadeau\/#primaryimage","url":"https:\/\/www.qslconcept.com\/be\/wp-content\/uploads\/2020\/04\/CartesCadeauPdt.jpg","contentUrl":"https:\/\/www.qslconcept.com\/be\/wp-content\/uploads\/2020\/04\/CartesCadeauPdt.jpg","width":1000,"height":1000},{"@type":"BreadcrumbList","@id":"https:\/\/www.qslconcept.com\/be\/produit\/cartes-cadeau\/#breadcrumb","itemListElement":[{"@type":"ListItem","position":1,"name":"Accueil","item":"https:\/\/www.qslconcept.com\/be\/"},{"@type":"ListItem","position":2,"name":"Boutique","item":"https:\/\/www.qslconcept.com\/be\/boutique\/"},{"@type":"ListItem","position":3,"name":"CARTES CADEAU, Offrez des Cartes QSL, des T-Shirts personnalis\u00e9s, ou tout autre produit"}]},{"@type":"WebSite","@id":"https:\/\/www.qslconcept.com\/be\/#website","url":"https:\/\/www.qslconcept.com\/be\/","name":"QSL Concept","description":"Impression de cartes QSL France, Belgique et toute l&#039;Union Europ\u00e9enne","potentialAction":[{"@type":"SearchAction","target":{"@type":"EntryPoint","urlTemplate":"https:\/\/www.qslconcept.com\/be\/?s={search_term_string}"},"query-input":{"@type":"PropertyValueSpecification","valueRequired":true,"valueName":"search_term_string"}}],"inLanguage":"fr-FR"}]}},"_links":{"self":[{"href":"https:\/\/www.qslconcept.com\/be\/wp-json\/wp\/v2\/product\/1565","targetHints":{"allow":["GET"]}}],"collection":[{"href":"https:\/\/www.qslconcept.com\/be\/wp-json\/wp\/v2\/product"}],"about":[{"href":"https:\/\/www.qslconcept.com\/be\/wp-json\/wp\/v2\/types\/product"}],"replies":[{"embeddable":true,"href":"https:\/\/www.qslconcept.com\/be\/wp-json\/wp\/v2\/comments?post=1565"}],"wp:featuredmedia":[{"embeddable":true,"href":"https:\/\/www.qslconcept.com\/be\/wp-json\/wp\/v2\/media\/1581"}],"wp:attachment":[{"href":"https:\/\/www.qslconcept.com\/be\/wp-json\/wp\/v2\/media?parent=1565"}],"wp:term":[{"taxonomy":"product_brand","embeddable":true,"href":"https:\/\/www.qslconcept.com\/be\/wp-json\/wp\/v2\/product_brand?post=1565"},{"taxonomy":"product_cat","embeddable":true,"href":"https:\/\/www.qslconcept.com\/be\/wp-json\/wp\/v2\/product_cat?post=1565"},{"taxonomy":"product_tag","embeddable":true,"href":"https:\/\/www.qslconcept.com\/be\/wp-json\/wp\/v2\/product_tag?post=1565"}],"curies":[{"name":"wp","href":"https:\/\/api.w.org\/{rel}","templated":true}]}}