{"id":1402,"date":"2017-04-19T23:57:59","date_gmt":"2017-04-19T21:57:59","guid":{"rendered":"http:\/\/www.qslconcept.com\/be\/?post_type=product&#038;p=1402"},"modified":"2025-03-09T22:19:44","modified_gmt":"2025-03-09T21:19:44","slug":"5000qsl300grecstd","status":"publish","type":"product","link":"https:\/\/www.qslconcept.com\/be\/produit\/5000qsl300grecstd\/","title":{"rendered":"5000 Cartes QSL 300g recycl\u00e9, mat recto\/verso"},"content":{"rendered":"<p>Impression de 5000 cartes QSL sur papier recycl\u00e9.<\/p>\n\n<table id=\"tablepress-16\" class=\"tablepress tablepress-id-16\">\n<tbody>\n<tr class=\"row-1\">\n\t<td class=\"column-1\"><img decoding=\"async\" src=\"http:\/\/qslconcept.com\/images\/dotgreen.jpg\" alt=\"\" \/> <span style=\"color: red;\"><strong>REGLEMENT<\/strong><\/span><br \/>\n&nbsp;<br \/>\n<span style=\"color: red;\"><strong>100% SATISFACTION GARANTIE<\/strong><\/span> pour vos visuels :<br \/>\nNous ajustons les maquettes jusqu&#039;\u00e0 ce que vous soyez 100% satisfait du r\u00e9sultat.<br \/>\n<span style=\"color: red;\"><strong>TOUT PROJET D&#039;IMPRESSION DOIT ETRE REGLE AU MOMENT DE LA COMMANDE<\/strong><\/span><br \/>\n&nbsp;<br \/>\n&nbsp;<br \/>\n<img decoding=\"async\" src=\"http:\/\/qslconcept.com\/images\/dotgreen.jpg\" alt=\"\" \/> <span style=\"color: red;\"><strong>EXPEDITION<\/strong><\/span><br \/>\n&nbsp;<br \/>\n<span style=\"color: red;\"><strong>UNION EUROPEENNE<\/strong><\/span> : livraison <span style=\"color: red;\"><strong>GRATUITE<\/strong><\/span><br \/>\nL'exp\u00e9dition est effectu\u00e9e par transporteur directement \u00e0 une adresse unique, de votre choix.<br \/>\n&nbsp;<br \/>\n<span style=\"color: red;\"><strong>INTERNATIONAL<\/strong><\/span> : Merci de visiter le site QSL Concept pour le pays de votre choix : <a href=\"http:\/\/www.qslconcept.com\" target=\"_blank\"><span style=\"color: #009DDE;\"><strong>cliquez ici<\/strong><\/span><\/a> pour acc\u00e9der \u00e0 la page d'accueil g\u00e9n\u00e9rale.<br \/>\nPour les pays non disponibles, merci de nous contacter.<\/td>\n<\/tr>\n<\/tbody>\n<\/table>\n<!-- #tablepress-16 from cache -->\n<h5><\/h5>\n<hr \/>\n<h4>5000 Cartes QSL sur papier recycl\u00e9, mat recto\/verso<\/h4>\n<p>QSL Concept r\u00e9alise l&rsquo;impression de 5000 cartes QSL sur papier recycl\u00e9. Ce papier 350g a une finition tr\u00e8s agr\u00e9able. C&rsquo;est par cons\u00e9quent un support mat qui mettra bien en valeur la mise en page de votre carte QSL.<\/p>\n<h5><\/h5>\n<h5>Formats<\/h5>\n<p>Nous proposons deux formats au choix : 9&#215;14 cm ou 10&#215;15 cm. Ils couvrent le deux principaux formats standards de cartes QSL.<br \/>\nL&rsquo;impression se fait en couleurs recto\/verso par d\u00e9faut. Mais vous pouvez opter pour une impression noir et blanc. Vous pouvez aussi imprimer seulement au recto de votre carte QSL et laisser le verso blanc.<\/p>\n<h5><\/h5>\n<h5>Verso<\/h5>\n<p>Nous pouvons proposer des exemples de tableaux pour le verso de votre carte QSL (voir notre page <a href=\"http:\/\/www.qslconcept.com\/be\/exemples\/\" target=\"_blank\" rel=\"noopener noreferrer\">exemples<\/a>). Ils peuvent aussi \u00eatre personnalis\u00e9s selon vos besoins.<br \/>\nCertains op\u00e9rateurs posent des \u00e9tiquettes avec les informations de leurs QSO au dos des cartes. Afin de laisser la possibilit\u00e9 d&rsquo;\u00e9crire \u00e0 la main, le tableau peut \u00eatre estomp\u00e9. De cette mani\u00e8re, il est moins visible au travers de l&rsquo;\u00e9tiquette. Aussi, un tableau un peu plus petit que l&rsquo;\u00e9tiquette permet de le cacher compl\u00e8tement sous l&rsquo;\u00e9tiquette. De plus, vous conservez ainsi la possibilit\u00e9 d&rsquo;\u00e9crire manuellement en cas d&rsquo;absence d&rsquo;\u00e9tiquette.<\/p>\n<h5><\/h5>\n<h5>Livraison<\/h5>\n<p>La livraison est GRATUITE pour toute l&rsquo;Union Europ\u00e9enne.<br \/>\nAucun frais ne s&rsquo;ajoute au tarif indiqu\u00e9 ci-dessous. La livraison se fait g\u00e9n\u00e9ralement par DHL directement \u00e0 l&rsquo;adresse de votre choix, \u00e0 votre domicile ou \u00e0 votre bureau.<\/p>\n<h5><\/h5>\n<h5>Maquette<\/h5>\n<p>Le montage de la maquette est GRATUIT.<br \/>\nEnvoyez nous vos fichiers par e-mail (ou via un \u00ab\u00a0uploader\u00a0\u00bb en ligne). Ainsi nous pourrons faire le montage de votre projet. La r\u00e9alisation de d\u00e9veloppements graphiques, ainsi que le traitement et la retouche d&rsquo;images ne sont pas inclus. S&rsquo;il y a lieu, nous pourrons \u00e9tablir un devis s\u00e9par\u00e9 adapt\u00e9 au travail \u00e0 r\u00e9aliser pour votre projet sp\u00e9cifique.<\/p>\n","protected":false},"excerpt":{"rendered":"<p><img decoding=\"async\" src=\"http:\/\/qslconcept.com\/images\/dotgreen.jpg\" alt=\"\" \/> <strong>Quantit\u00e9<\/strong> : 5000 exemplaires<br \/>\n<img decoding=\"async\" src=\"http:\/\/qslconcept.com\/images\/dotgreen.jpg\" alt=\"\" \/> <strong>Papier<\/strong> : Recycl\u00e9 300g<br \/>\n<img decoding=\"async\" src=\"http:\/\/qslconcept.com\/images\/dotgreen.jpg\" alt=\"\" \/> <strong>Format<\/strong> : 9 x 14 cm ou 10 x 15 cm au m\u00eame tarif<br \/>\n<img decoding=\"async\" src=\"http:\/\/qslconcept.com\/images\/dotgreen.jpg\" alt=\"\" \/> <strong>Presse<\/strong> : offset quadri (noir et blanc au m\u00eame tarif)<br \/>\n<img decoding=\"async\" src=\"http:\/\/qslconcept.com\/images\/dotgreen.jpg\" alt=\"\" \/> <strong>Impression<\/strong> : recto\/verso (recto seul m\u00eame tarif)<\/p>\n<p><img decoding=\"async\" src=\"http:\/\/qslconcept.com\/images\/dotgreen.jpg\" alt=\"\" \/> <strong>D\u00e9lai STANDARD<\/strong> : Impression en <strong>10 \u00e0 14 jours ouvr\u00e9s, hors d\u00e9lais d&rsquo;exp\u00e9dition<\/strong>. La mise en impression s&rsquo;effectue en g\u00e9n\u00e9ral le lendemain de la validation de la commande.<\/p>\n<p><img decoding=\"async\" src=\"http:\/\/qslconcept.com\/images\/dotgreen.jpg\" alt=\"\" \/> <span style=\"color: red;\"><strong>GRATUIT<\/strong><\/span> : contr\u00f4le des fichiers<br \/>\n<img decoding=\"async\" src=\"http:\/\/qslconcept.com\/images\/dotgreen.jpg\" alt=\"\" \/> <span style=\"color: red;\"><strong>GRATUIT<\/strong><\/span> : mise en place de la maquette<br \/>\n<img decoding=\"async\" src=\"http:\/\/qslconcept.com\/images\/dotgreen.jpg\" alt=\"\" \/> <span style=\"color: red;\"><strong>GRATUIT<\/strong><\/span> : exp\u00e9dition vers les pays de l&rsquo;Union Europ\u00e9enne<\/p>\n","protected":false},"featured_media":1330,"comment_status":"closed","ping_status":"closed","template":"","meta":{"_links_to":"","_links_to_target":""},"product_brand":[],"product_cat":[72],"product_tag":[],"class_list":{"0":"post-1402","1":"product","2":"type-product","3":"status-publish","4":"has-post-thumbnail","6":"product_cat-cartesqsl300grecycleesstandard","8":"first","9":"instock","10":"shipping-taxable","11":"purchasable","12":"product-type-variable","13":"has-default-attributes"},"yoast_head":"<!-- This site is optimized with the Yoast SEO plugin v27.2 - https:\/\/yoast.com\/product\/yoast-seo-wordpress\/ -->\n<title>5000 Cartes QSL 300g recycl\u00e9, mat recto\/verso - QSL Concept<\/title>\n<meta name=\"description\" content=\"Impression de 5000 cartes QSL sur papier recycl\u00e9. Livraison en Belgique, et maquette GRATUITES. Format 9x14 cm ou 10x15 cm\" \/>\n<meta name=\"robots\" content=\"index, follow, max-snippet:-1, max-image-preview:large, max-video-preview:-1\" \/>\n<link rel=\"canonical\" href=\"https:\/\/www.qslconcept.com\/be\/produit\/5000qsl300grecstd\/\" \/>\n<meta property=\"og:locale\" content=\"fr_FR\" \/>\n<meta property=\"og:type\" content=\"article\" \/>\n<meta property=\"og:title\" content=\"5000 Cartes QSL 300g recycl\u00e9, mat recto\/verso - QSL Concept\" \/>\n<meta property=\"og:description\" content=\"Impression de 5000 cartes QSL sur papier recycl\u00e9. Livraison en Belgique, et maquette GRATUITES. Format 9x14 cm ou 10x15 cm\" \/>\n<meta property=\"og:url\" content=\"https:\/\/www.qslconcept.com\/be\/produit\/5000qsl300grecstd\/\" \/>\n<meta property=\"og:site_name\" content=\"QSL Concept\" \/>\n<meta property=\"article:modified_time\" content=\"2025-03-09T21:19:44+00:00\" \/>\n<meta property=\"og:image\" content=\"https:\/\/www.qslconcept.com\/be\/wp-content\/uploads\/2017\/04\/Europe102015.jpg\" \/>\n\t<meta property=\"og:image:width\" content=\"450\" \/>\n\t<meta property=\"og:image:height\" content=\"450\" \/>\n\t<meta property=\"og:image:type\" content=\"image\/jpeg\" \/>\n<meta name=\"twitter:card\" content=\"summary_large_image\" \/>\n<meta name=\"twitter:label1\" content=\"Dur\u00e9e de lecture estim\u00e9e\" \/>\n\t<meta name=\"twitter:data1\" content=\"2 minutes\" \/>\n<script type=\"application\/ld+json\" class=\"yoast-schema-graph\">{\"@context\":\"https:\/\/schema.org\",\"@graph\":[{\"@type\":\"WebPage\",\"@id\":\"https:\/\/www.qslconcept.com\/be\/produit\/5000qsl300grecstd\/\",\"url\":\"https:\/\/www.qslconcept.com\/be\/produit\/5000qsl300grecstd\/\",\"name\":\"5000 Cartes QSL 300g recycl\u00e9, mat recto\/verso - QSL Concept\",\"isPartOf\":{\"@id\":\"https:\/\/www.qslconcept.com\/be\/#website\"},\"primaryImageOfPage\":{\"@id\":\"https:\/\/www.qslconcept.com\/be\/produit\/5000qsl300grecstd\/#primaryimage\"},\"image\":{\"@id\":\"https:\/\/www.qslconcept.com\/be\/produit\/5000qsl300grecstd\/#primaryimage\"},\"thumbnailUrl\":\"https:\/\/www.qslconcept.com\/be\/wp-content\/uploads\/2017\/04\/Europe102015.jpg\",\"datePublished\":\"2017-04-19T21:57:59+00:00\",\"dateModified\":\"2025-03-09T21:19:44+00:00\",\"description\":\"Impression de 5000 cartes QSL sur papier recycl\u00e9. Livraison en Belgique, et maquette GRATUITES. Format 9x14 cm ou 10x15 cm\",\"breadcrumb\":{\"@id\":\"https:\/\/www.qslconcept.com\/be\/produit\/5000qsl300grecstd\/#breadcrumb\"},\"inLanguage\":\"fr-FR\",\"potentialAction\":[{\"@type\":\"ReadAction\",\"target\":[\"https:\/\/www.qslconcept.com\/be\/produit\/5000qsl300grecstd\/\"]}]},{\"@type\":\"ImageObject\",\"inLanguage\":\"fr-FR\",\"@id\":\"https:\/\/www.qslconcept.com\/be\/produit\/5000qsl300grecstd\/#primaryimage\",\"url\":\"https:\/\/www.qslconcept.com\/be\/wp-content\/uploads\/2017\/04\/Europe102015.jpg\",\"contentUrl\":\"https:\/\/www.qslconcept.com\/be\/wp-content\/uploads\/2017\/04\/Europe102015.jpg\",\"width\":450,\"height\":450,\"caption\":\"Cartes QSL simples\"},{\"@type\":\"BreadcrumbList\",\"@id\":\"https:\/\/www.qslconcept.com\/be\/produit\/5000qsl300grecstd\/#breadcrumb\",\"itemListElement\":[{\"@type\":\"ListItem\",\"position\":1,\"name\":\"Accueil\",\"item\":\"https:\/\/www.qslconcept.com\/be\/\"},{\"@type\":\"ListItem\",\"position\":2,\"name\":\"Boutique\",\"item\":\"https:\/\/www.qslconcept.com\/be\/boutique\/\"},{\"@type\":\"ListItem\",\"position\":3,\"name\":\"5000 Cartes QSL 300g recycl\u00e9, mat recto\/verso\"}]},{\"@type\":\"WebSite\",\"@id\":\"https:\/\/www.qslconcept.com\/be\/#website\",\"url\":\"https:\/\/www.qslconcept.com\/be\/\",\"name\":\"QSL Concept\",\"description\":\"Impression de cartes QSL France, Belgique et toute l&#039;Union Europ\u00e9enne\",\"potentialAction\":[{\"@type\":\"SearchAction\",\"target\":{\"@type\":\"EntryPoint\",\"urlTemplate\":\"https:\/\/www.qslconcept.com\/be\/?s={search_term_string}\"},\"query-input\":{\"@type\":\"PropertyValueSpecification\",\"valueRequired\":true,\"valueName\":\"search_term_string\"}}],\"inLanguage\":\"fr-FR\"}]}<\/script>\n<!-- \/ Yoast SEO plugin. -->","yoast_head_json":{"title":"5000 Cartes QSL 300g recycl\u00e9, mat recto\/verso - QSL Concept","description":"Impression de 5000 cartes QSL sur papier recycl\u00e9. Livraison en Belgique, et maquette GRATUITES. Format 9x14 cm ou 10x15 cm","robots":{"index":"index","follow":"follow","max-snippet":"max-snippet:-1","max-image-preview":"max-image-preview:large","max-video-preview":"max-video-preview:-1"},"canonical":"https:\/\/www.qslconcept.com\/be\/produit\/5000qsl300grecstd\/","og_locale":"fr_FR","og_type":"article","og_title":"5000 Cartes QSL 300g recycl\u00e9, mat recto\/verso - QSL Concept","og_description":"Impression de 5000 cartes QSL sur papier recycl\u00e9. Livraison en Belgique, et maquette GRATUITES. Format 9x14 cm ou 10x15 cm","og_url":"https:\/\/www.qslconcept.com\/be\/produit\/5000qsl300grecstd\/","og_site_name":"QSL Concept","article_modified_time":"2025-03-09T21:19:44+00:00","og_image":[{"width":450,"height":450,"url":"https:\/\/www.qslconcept.com\/be\/wp-content\/uploads\/2017\/04\/Europe102015.jpg","type":"image\/jpeg"}],"twitter_card":"summary_large_image","twitter_misc":{"Dur\u00e9e de lecture estim\u00e9e":"2 minutes"},"schema":{"@context":"https:\/\/schema.org","@graph":[{"@type":"WebPage","@id":"https:\/\/www.qslconcept.com\/be\/produit\/5000qsl300grecstd\/","url":"https:\/\/www.qslconcept.com\/be\/produit\/5000qsl300grecstd\/","name":"5000 Cartes QSL 300g recycl\u00e9, mat recto\/verso - QSL Concept","isPartOf":{"@id":"https:\/\/www.qslconcept.com\/be\/#website"},"primaryImageOfPage":{"@id":"https:\/\/www.qslconcept.com\/be\/produit\/5000qsl300grecstd\/#primaryimage"},"image":{"@id":"https:\/\/www.qslconcept.com\/be\/produit\/5000qsl300grecstd\/#primaryimage"},"thumbnailUrl":"https:\/\/www.qslconcept.com\/be\/wp-content\/uploads\/2017\/04\/Europe102015.jpg","datePublished":"2017-04-19T21:57:59+00:00","dateModified":"2025-03-09T21:19:44+00:00","description":"Impression de 5000 cartes QSL sur papier recycl\u00e9. Livraison en Belgique, et maquette GRATUITES. Format 9x14 cm ou 10x15 cm","breadcrumb":{"@id":"https:\/\/www.qslconcept.com\/be\/produit\/5000qsl300grecstd\/#breadcrumb"},"inLanguage":"fr-FR","potentialAction":[{"@type":"ReadAction","target":["https:\/\/www.qslconcept.com\/be\/produit\/5000qsl300grecstd\/"]}]},{"@type":"ImageObject","inLanguage":"fr-FR","@id":"https:\/\/www.qslconcept.com\/be\/produit\/5000qsl300grecstd\/#primaryimage","url":"https:\/\/www.qslconcept.com\/be\/wp-content\/uploads\/2017\/04\/Europe102015.jpg","contentUrl":"https:\/\/www.qslconcept.com\/be\/wp-content\/uploads\/2017\/04\/Europe102015.jpg","width":450,"height":450,"caption":"Cartes QSL simples"},{"@type":"BreadcrumbList","@id":"https:\/\/www.qslconcept.com\/be\/produit\/5000qsl300grecstd\/#breadcrumb","itemListElement":[{"@type":"ListItem","position":1,"name":"Accueil","item":"https:\/\/www.qslconcept.com\/be\/"},{"@type":"ListItem","position":2,"name":"Boutique","item":"https:\/\/www.qslconcept.com\/be\/boutique\/"},{"@type":"ListItem","position":3,"name":"5000 Cartes QSL 300g recycl\u00e9, mat recto\/verso"}]},{"@type":"WebSite","@id":"https:\/\/www.qslconcept.com\/be\/#website","url":"https:\/\/www.qslconcept.com\/be\/","name":"QSL Concept","description":"Impression de cartes QSL France, Belgique et toute l&#039;Union Europ\u00e9enne","potentialAction":[{"@type":"SearchAction","target":{"@type":"EntryPoint","urlTemplate":"https:\/\/www.qslconcept.com\/be\/?s={search_term_string}"},"query-input":{"@type":"PropertyValueSpecification","valueRequired":true,"valueName":"search_term_string"}}],"inLanguage":"fr-FR"}]}},"_links":{"self":[{"href":"https:\/\/www.qslconcept.com\/be\/wp-json\/wp\/v2\/product\/1402","targetHints":{"allow":["GET"]}}],"collection":[{"href":"https:\/\/www.qslconcept.com\/be\/wp-json\/wp\/v2\/product"}],"about":[{"href":"https:\/\/www.qslconcept.com\/be\/wp-json\/wp\/v2\/types\/product"}],"replies":[{"embeddable":true,"href":"https:\/\/www.qslconcept.com\/be\/wp-json\/wp\/v2\/comments?post=1402"}],"wp:featuredmedia":[{"embeddable":true,"href":"https:\/\/www.qslconcept.com\/be\/wp-json\/wp\/v2\/media\/1330"}],"wp:attachment":[{"href":"https:\/\/www.qslconcept.com\/be\/wp-json\/wp\/v2\/media?parent=1402"}],"wp:term":[{"taxonomy":"product_brand","embeddable":true,"href":"https:\/\/www.qslconcept.com\/be\/wp-json\/wp\/v2\/product_brand?post=1402"},{"taxonomy":"product_cat","embeddable":true,"href":"https:\/\/www.qslconcept.com\/be\/wp-json\/wp\/v2\/product_cat?post=1402"},{"taxonomy":"product_tag","embeddable":true,"href":"https:\/\/www.qslconcept.com\/be\/wp-json\/wp\/v2\/product_tag?post=1402"}],"curies":[{"name":"wp","href":"https:\/\/api.w.org\/{rel}","templated":true}]}}