{"id":42,"date":"2015-06-12T11:41:40","date_gmt":"2015-06-12T09:41:40","guid":{"rendered":"http:\/\/www.qslconcept.com\/be\/?page_id=42"},"modified":"2024-08-19T02:20:39","modified_gmt":"2024-08-19T00:20:39","slug":"preparation-des-fichiers","status":"publish","type":"page","link":"https:\/\/www.qslconcept.com\/be\/preparation-des-fichiers\/","title":{"rendered":"Preparation des fichiers"},"content":{"rendered":"<p><span style=\"color: #cc3300; font-family: Geneva, Arial, Helvetica, sans-serif; font-size: medium;\">Si vous pr\u00e9parez la mise en page vous m\u00eame :<\/span><br \/>\n&#8211; <strong>Recto et verso<\/strong> : 1 fichier pour chaque face de la carte. Fichiers PDF, AI, JPG, EPS, TIF au format 9 x 14 cm ou 10 x 15 cm avec 2 mm de bords perdus (<a href=\"https:\/\/www.qslconcept.com\/be\/gabarits\/\" target=\"_blank\" rel=\"noopener noreferrer\"><strong>cliquez ici<\/strong><\/a> pour voir les trames des dimensions et normes \u00e0 respecter). Ne pas envoyer de compositions graphiques enregistr\u00e9es aux formats propres \u00e0 Publisher, QuarkXpress, InDesign, PowerPoint, Word, Works, ou tout logiciel de bureautique.<br \/>\n\n<table id=\"tablepress-4\" class=\"tablepress tablepress-id-4\">\n<tbody>\n<tr class=\"row-1\">\n\t<td class=\"column-1\"><img decoding=\"async\" src=\"http:\/\/www.qslconcept.com\/be\/wp-content\/uploads\/2015\/07\/fichiersacceptes.jpg\"width=\"275px\"><\/td><td class=\"column-2\"><img decoding=\"async\" src=\"http:\/\/www.qslconcept.com\/be\/wp-content\/uploads\/2015\/07\/fichiersnonvalides.jpg\" width=\"275px\"><\/td>\n<\/tr>\n<\/tbody>\n<\/table>\n<!-- #tablepress-4 from cache -->\n&#8211; <strong>R\u00e9solution des images et visuels<\/strong> : 300dpi. Choisissez des image avec 300dpi en r\u00e9solution initiale. Celle issues de votre appareil photo num\u00e9riques sont g\u00e9n\u00e9ralement bien adapt\u00e9es si elles n&rsquo;ont pas \u00e9t\u00e9 r\u00e9duites via un logiciel photo ou autre.<\/p>\n<p>&#8211;<strong> Images<\/strong> : Important, merci de noter que nous consid\u00e9rons que vous avez obtenu les droits d&rsquo;utilisation sur toutes les images et autres visuels que vous nous fournissez. Si ce n&rsquo;est pas le cas, nous ne pouvons \u00eatre tenus responsables d&rsquo;avoir imprim\u00e9 ces documents sans l&rsquo;accord des auteurs de ces visuels.<\/p>\n<p>&#8211; <strong>Textes<\/strong> : Pour les fichiers Pdf, Ai ou Eps, fournissez nous les fichiers avec les polices de caract\u00e8res vectoris\u00e9es ou envoyez-nous les fichiers d&rsquo;installation des polices (ne s&rsquo;applique pas aux formats Jpg ou Tif).<\/p>\n<p>&#8211; <strong>Trames techniques<\/strong> : <a href=\"https:\/\/www.qslconcept.com\/be\/gabarits\/\" target=\"_blank\" rel=\"noopener noreferrer\"><strong>Cliquez ici<\/strong><\/a> pour voir la liste des trames. Disponibles en Psd (Photoshop) ou Pdf (Acrobat). Une fois la liste ouverte \u00e0 l&rsquo;\u00e9cran, faites un clic droit sur le lien et sauvegardez le fichier sur votre disque dur.<\/p>\n<p><span style=\"color: #cc3300; font-family: Geneva, Arial, Helvetica, sans-serif; font-size: medium;\">Si nous r\u00e9alisons la mise en page pour vous :<\/span><br \/>\n<strong>RECTO :<br \/>\n<\/strong>&nbsp;&nbsp; Image (ou visuel) du fond :<br \/>\n&#8211; Format : 9,4 x 14,4 cm ou 10,4 x 15,4 cm (m\u00eame si elle sera coup\u00e9e au final en 9 x 14 cm ou 10 x 15 cm)<br \/>\n&#8211; R\u00e9solution : 300dpi id\u00e9alement, ou une r\u00e9solution plus petite (180 \/ 200 dpi) mais dans un grand format<br \/>\n&#8211; Envoi des images grand format : utilisez www.sendspace.com avec <a href=\"mailto:info@qslconcept.com\">info@qslconcept.com<\/a> comme e-mail de destinataire<br \/>\n&#8211; Nombre d&rsquo;images \u00e0 fournir : envoyer une seule image, \u00e9ventuellement deux si vous avez un doute sur le meilleur r\u00e9sultat, mais pas davantage.<br \/>\nAutre images \u00e0 int\u00e9grer par dessus le fond :<br \/>\n&#8211; Format : au choix, maximum : 8,6 x 13,6 cm<br \/>\n&#8211; R\u00e9solution : 300dpi id\u00e9alement, ou une r\u00e9solution plus petite (180 \/ 200 dpi) mais dans un grand format<br \/>\n&#8211; D\u00e9tails : Pr\u00e9cisez si vous souhaitez une bordure et sa couleur, ou une ombre.<br \/>\n&#8211; Nombre d&rsquo;images \u00e0 fournir : 2 images maximum (ajout d&rsquo;images compl\u00e9mentaires avec suppl\u00e9ment).<br \/>\nLogos et autres visuels :<br \/>\n&#8211; Format : Pr\u00e9cisez le format final<br \/>\n&#8211; R\u00e9solution : 300dpi id\u00e9alement, ou une r\u00e9solution plus petite (180 \/ 200 dpi) mais dans un grand format<br \/>\n&#8211; D\u00e9tails : Pr\u00e9cisez si vous souhaitez une ombre.<br \/>\n&#8211; Nombre d&rsquo;images \u00e0 fournir : pas de limite particuli\u00e8re. Attention de ne pas trop charger le visuel.<br \/>\nIndicatif et autres textes :<br \/>\n&#8211; Envoyez nous textes et indicatif par simple e-mail. Si n\u00e9cessaire, indiquez la police \u00e0 utiliser et fournissez en le fichier d&rsquo;installation.<br \/>\n&#8211; Aspect du texte : Les textes seront int\u00e9gr\u00e9 en couleur unie ou avec un simple d\u00e9grad\u00e9, avec ou sans bordure ou ombre selon le fond utilis\u00e9. Des effet de relief et de reflets peuvent \u00eatre r\u00e9alis\u00e9s sur demande, avec suppl\u00e9ment.<br \/>\n&#8211; Volume du texte : pas de limite particuli\u00e8re. Pensez \u00e0 conserver une bonne lisibilit\u00e9. Trop de texte de sera pas lu.<\/p>\n<p><strong>VERSO :<br \/>\n<\/strong>&nbsp;&nbsp; Image (ou visuel) du fond : <em>idem recto<\/em><br \/>\nAutre images \u00e0 int\u00e9grer par dessus le fond : <em>idem recto<\/em><br \/>\nLogos et autres visuels : <em>idem recto<\/em><br \/>\nIndicatif et autres textes : <em>idem recto<\/em><br \/>\nTableau : Fournissez un sch\u00e9ma du tableau que vous souhaitez int\u00e9grer, ou choisissez un style de tableau que nous adapterons, dans nos exemples parmis ceux affich\u00e9s sur notre page Facebook : <a href=\"https:\/\/www.facebook.com\/pages\/QSL-Concept\/315362425183851\" target=\"_blank\" rel=\"noopener noreferrer\">exemples<\/a><\/p>\n","protected":false},"excerpt":{"rendered":"<p>Si vous pr\u00e9parez la mise en page vous m\u00eame : &#8211; Recto et verso : 1 fichier pour chaque face de la carte. Fichiers PDF, AI, JPG, EPS, TIF au format 9 x 14 cm ou&#8230;<\/p>\n","protected":false},"author":1,"featured_media":0,"parent":0,"menu_order":0,"comment_status":"open","ping_status":"open","template":"","meta":{"footnotes":"","_links_to":"","_links_to_target":""},"class_list":["post-42","page","type-page","status-publish","hentry"],"yoast_head":"<!-- This site is optimized with the Yoast SEO plugin v27.2 - https:\/\/yoast.com\/product\/yoast-seo-wordpress\/ -->\n<title>Preparation des fichiers - QSL Concept<\/title>\n<meta name=\"description\" content=\"Aide \u00e0 la pr\u00e9paration de vos images, textes et autres fichiers pour vos cartes QSL. Maquette GRATUITE, Livraison GRATUITE\" \/>\n<meta name=\"robots\" content=\"index, follow, max-snippet:-1, max-image-preview:large, max-video-preview:-1\" \/>\n<link rel=\"canonical\" href=\"https:\/\/www.qslconcept.com\/be\/preparation-des-fichiers\/\" \/>\n<meta property=\"og:locale\" content=\"fr_FR\" \/>\n<meta property=\"og:type\" content=\"article\" \/>\n<meta property=\"og:title\" content=\"Preparation des fichiers - QSL Concept\" \/>\n<meta property=\"og:description\" content=\"Aide \u00e0 la pr\u00e9paration de vos images, textes et autres fichiers pour vos cartes QSL. Maquette GRATUITE, Livraison GRATUITE\" \/>\n<meta property=\"og:url\" content=\"https:\/\/www.qslconcept.com\/be\/preparation-des-fichiers\/\" \/>\n<meta property=\"og:site_name\" content=\"QSL Concept\" \/>\n<meta property=\"article:modified_time\" content=\"2024-08-19T00:20:39+00:00\" \/>\n<meta name=\"twitter:card\" content=\"summary_large_image\" \/>\n<meta name=\"twitter:label1\" content=\"Dur\u00e9e de lecture estim\u00e9e\" \/>\n\t<meta name=\"twitter:data1\" content=\"3 minutes\" \/>\n<script type=\"application\/ld+json\" class=\"yoast-schema-graph\">{\"@context\":\"https:\/\/schema.org\",\"@graph\":[{\"@type\":\"WebPage\",\"@id\":\"https:\/\/www.qslconcept.com\/be\/preparation-des-fichiers\/\",\"url\":\"https:\/\/www.qslconcept.com\/be\/preparation-des-fichiers\/\",\"name\":\"Preparation des fichiers - QSL Concept\",\"isPartOf\":{\"@id\":\"https:\/\/www.qslconcept.com\/be\/#website\"},\"datePublished\":\"2015-06-12T09:41:40+00:00\",\"dateModified\":\"2024-08-19T00:20:39+00:00\",\"description\":\"Aide \u00e0 la pr\u00e9paration de vos images, textes et autres fichiers pour vos cartes QSL. Maquette GRATUITE, Livraison GRATUITE\",\"breadcrumb\":{\"@id\":\"https:\/\/www.qslconcept.com\/be\/preparation-des-fichiers\/#breadcrumb\"},\"inLanguage\":\"fr-FR\",\"potentialAction\":[{\"@type\":\"ReadAction\",\"target\":[\"https:\/\/www.qslconcept.com\/be\/preparation-des-fichiers\/\"]}]},{\"@type\":\"BreadcrumbList\",\"@id\":\"https:\/\/www.qslconcept.com\/be\/preparation-des-fichiers\/#breadcrumb\",\"itemListElement\":[{\"@type\":\"ListItem\",\"position\":1,\"name\":\"Accueil\",\"item\":\"https:\/\/www.qslconcept.com\/be\/\"},{\"@type\":\"ListItem\",\"position\":2,\"name\":\"Preparation des fichiers\"}]},{\"@type\":\"WebSite\",\"@id\":\"https:\/\/www.qslconcept.com\/be\/#website\",\"url\":\"https:\/\/www.qslconcept.com\/be\/\",\"name\":\"QSL Concept\",\"description\":\"Impression de cartes QSL France, Belgique et toute l&#039;Union Europ\u00e9enne\",\"potentialAction\":[{\"@type\":\"SearchAction\",\"target\":{\"@type\":\"EntryPoint\",\"urlTemplate\":\"https:\/\/www.qslconcept.com\/be\/?s={search_term_string}\"},\"query-input\":{\"@type\":\"PropertyValueSpecification\",\"valueRequired\":true,\"valueName\":\"search_term_string\"}}],\"inLanguage\":\"fr-FR\"}]}<\/script>\n<!-- \/ Yoast SEO plugin. -->","yoast_head_json":{"title":"Preparation des fichiers - QSL Concept","description":"Aide \u00e0 la pr\u00e9paration de vos images, textes et autres fichiers pour vos cartes QSL. Maquette GRATUITE, Livraison GRATUITE","robots":{"index":"index","follow":"follow","max-snippet":"max-snippet:-1","max-image-preview":"max-image-preview:large","max-video-preview":"max-video-preview:-1"},"canonical":"https:\/\/www.qslconcept.com\/be\/preparation-des-fichiers\/","og_locale":"fr_FR","og_type":"article","og_title":"Preparation des fichiers - QSL Concept","og_description":"Aide \u00e0 la pr\u00e9paration de vos images, textes et autres fichiers pour vos cartes QSL. Maquette GRATUITE, Livraison GRATUITE","og_url":"https:\/\/www.qslconcept.com\/be\/preparation-des-fichiers\/","og_site_name":"QSL Concept","article_modified_time":"2024-08-19T00:20:39+00:00","twitter_card":"summary_large_image","twitter_misc":{"Dur\u00e9e de lecture estim\u00e9e":"3 minutes"},"schema":{"@context":"https:\/\/schema.org","@graph":[{"@type":"WebPage","@id":"https:\/\/www.qslconcept.com\/be\/preparation-des-fichiers\/","url":"https:\/\/www.qslconcept.com\/be\/preparation-des-fichiers\/","name":"Preparation des fichiers - QSL Concept","isPartOf":{"@id":"https:\/\/www.qslconcept.com\/be\/#website"},"datePublished":"2015-06-12T09:41:40+00:00","dateModified":"2024-08-19T00:20:39+00:00","description":"Aide \u00e0 la pr\u00e9paration de vos images, textes et autres fichiers pour vos cartes QSL. Maquette GRATUITE, Livraison GRATUITE","breadcrumb":{"@id":"https:\/\/www.qslconcept.com\/be\/preparation-des-fichiers\/#breadcrumb"},"inLanguage":"fr-FR","potentialAction":[{"@type":"ReadAction","target":["https:\/\/www.qslconcept.com\/be\/preparation-des-fichiers\/"]}]},{"@type":"BreadcrumbList","@id":"https:\/\/www.qslconcept.com\/be\/preparation-des-fichiers\/#breadcrumb","itemListElement":[{"@type":"ListItem","position":1,"name":"Accueil","item":"https:\/\/www.qslconcept.com\/be\/"},{"@type":"ListItem","position":2,"name":"Preparation des fichiers"}]},{"@type":"WebSite","@id":"https:\/\/www.qslconcept.com\/be\/#website","url":"https:\/\/www.qslconcept.com\/be\/","name":"QSL Concept","description":"Impression de cartes QSL France, Belgique et toute l&#039;Union Europ\u00e9enne","potentialAction":[{"@type":"SearchAction","target":{"@type":"EntryPoint","urlTemplate":"https:\/\/www.qslconcept.com\/be\/?s={search_term_string}"},"query-input":{"@type":"PropertyValueSpecification","valueRequired":true,"valueName":"search_term_string"}}],"inLanguage":"fr-FR"}]}},"_links":{"self":[{"href":"https:\/\/www.qslconcept.com\/be\/wp-json\/wp\/v2\/pages\/42","targetHints":{"allow":["GET"]}}],"collection":[{"href":"https:\/\/www.qslconcept.com\/be\/wp-json\/wp\/v2\/pages"}],"about":[{"href":"https:\/\/www.qslconcept.com\/be\/wp-json\/wp\/v2\/types\/page"}],"author":[{"embeddable":true,"href":"https:\/\/www.qslconcept.com\/be\/wp-json\/wp\/v2\/users\/1"}],"replies":[{"embeddable":true,"href":"https:\/\/www.qslconcept.com\/be\/wp-json\/wp\/v2\/comments?post=42"}],"version-history":[{"count":1,"href":"https:\/\/www.qslconcept.com\/be\/wp-json\/wp\/v2\/pages\/42\/revisions"}],"predecessor-version":[{"id":1632,"href":"https:\/\/www.qslconcept.com\/be\/wp-json\/wp\/v2\/pages\/42\/revisions\/1632"}],"wp:attachment":[{"href":"https:\/\/www.qslconcept.com\/be\/wp-json\/wp\/v2\/media?parent=42"}],"curies":[{"name":"wp","href":"https:\/\/api.w.org\/{rel}","templated":true}]}}