{"id":2,"date":"2015-06-11T14:11:46","date_gmt":"2015-06-11T13:11:46","guid":{"rendered":"http:\/\/www.qslconcept.com\/be\/?page_id=2"},"modified":"2024-08-19T02:19:13","modified_gmt":"2024-08-19T00:19:13","slug":"exemples","status":"publish","type":"page","link":"https:\/\/www.qslconcept.com\/be\/exemples\/","title":{"rendered":"Exemples"},"content":{"rendered":"<p><strong>Exemples de versos<\/strong> (dos de la carte)<br \/>\nVoici ci-dessous quelques exemples de maquettes pour le dos de vos cartes QSL.<\/p>\n<p>Tous ces exemples sont 100% personnalisables, gratuitement.<br \/>\nNous pouvons \u00e9galement faire la montage \u00e0 partir de votre propre maquette.<\/p>\n<p>Pour toutes nos cartes QSL :<br \/>\n&#8211; Cartes QSL couleurs recto\/verso<br \/>\n&#8211; Montage de la maquette GRATUIT<br \/>\n&#8211; Livraison GRATUITE, France, Belgique, et dans toute l&rsquo;Union Europ\u00e9enne<\/p>\n<p>Les images de fond, drapeaux et tous les visuels peuvent \u00eatre remplac\u00e9s par vos propres documents. Tous les \u00e9l\u00e9ments de la maquette peuvent \u00eatre d\u00e9plac\u00e9s et organis\u00e9s selon vos besoins.<\/p>\n\n<table id=\"tablepress-13\" class=\"tablepress tablepress-id-13\">\n<thead>\n<tr class=\"row-1\">\n\t<th class=\"column-1\">Maquette initiale<\/th><th class=\"column-2\">Exemple de r\u00e9alisations<\/th><td class=\"column-3\"><\/td>\n<\/tr>\n<\/thead>\n<tbody class=\"row-striping\">\n<tr class=\"row-2\">\n\t<td class=\"column-1\"><img decoding=\"async\" src=\"http:\/\/www.qslconcept.com\/images\/samples\/CA1LLs.jpg\"><\/td><td class=\"column-2\"><img decoding=\"async\" src=\"http:\/\/www.qslconcept.com\/images\/samples\/CA1LL-VE6SQ.jpg\"><br \/>\n<img decoding=\"async\" src=\"http:\/\/www.qslconcept.com\/images\/samples\/CA1LL-F5OHM.jpg\"><br \/>\n<img decoding=\"async\" src=\"http:\/\/www.qslconcept.com\/images\/samples\/CA1LL-VE7TBP.jpg\"><br \/>\n<img decoding=\"async\" src=\"http:\/\/www.qslconcept.com\/images\/samples\/CA1LL-F5PTM.jpg\"><\/td><td class=\"column-3\"><img decoding=\"async\" src=\"http:\/\/www.qslconcept.com\/images\/samples\/CA1LL-F4FLF.jpg\"><br \/>\n<img decoding=\"async\" src=\"http:\/\/www.qslconcept.com\/images\/samples\/CA1LL-N6LO.jpg\"><br \/>\n<img decoding=\"async\" src=\"http:\/\/www.qslconcept.com\/images\/samples\/CA1LL-F4HJE.jpg\"><br \/>\n<img decoding=\"async\" src=\"http:\/\/www.qslconcept.com\/images\/samples\/CA1LL-F8DSN.jpg\"><\/td>\n<\/tr>\n<tr class=\"row-3\">\n\t<td class=\"column-1\"><img decoding=\"async\" src=\"http:\/\/www.qslconcept.com\/images\/samples\/CA2LLs.jpg\"><\/td><td class=\"column-2\"><img decoding=\"async\" src=\"http:\/\/www.qslconcept.com\/images\/samples\/CA2LL-F4GIB.jpg\"><br \/>\n<img decoding=\"async\" src=\"http:\/\/www.qslconcept.com\/images\/samples\/CA2LL-F4GMQ.jpg\"><br \/>\n<img decoding=\"async\" src=\"http:\/\/www.qslconcept.com\/images\/samples\/CA2LL-KC6NCI.jpg\"><br \/>\n<img decoding=\"async\" src=\"http:\/\/www.qslconcept.com\/images\/samples\/CA2LL-W6OZI.jpg\"><\/td><td class=\"column-3\"><img decoding=\"async\" src=\"http:\/\/www.qslconcept.com\/images\/samples\/CA2LL-K7KHO.jpg\"><br \/>\n<img decoding=\"async\" src=\"http:\/\/www.qslconcept.com\/images\/samples\/CA2LL-ON3PBC.jpg\"><br \/>\n<img decoding=\"async\" src=\"http:\/\/www.qslconcept.com\/images\/samples\/CA2LL-F4GMW.jpg\"><\/td>\n<\/tr>\n<tr class=\"row-4\">\n\t<td class=\"column-1\"><img decoding=\"async\" src=\"http:\/\/www.qslconcept.com\/images\/samples\/CA3LLs.jpg\"><\/td><td class=\"column-2\"><img decoding=\"async\" src=\"http:\/\/www.qslconcept.com\/images\/samples\/CA3LL-FM5DR.jpg\"><\/td><td class=\"column-3\"><\/td>\n<\/tr>\n<tr class=\"row-5\">\n\t<td class=\"column-1\"><img decoding=\"async\" src=\"http:\/\/www.qslconcept.com\/images\/samples\/CA4LLs.jpg\"><\/td><td class=\"column-2\"><img decoding=\"async\" src=\"http:\/\/www.qslconcept.com\/images\/samples\/CA4LL-F4GLI.jpg\"><br \/>\n<img decoding=\"async\" src=\"http:\/\/www.qslconcept.com\/images\/samples\/CA4LL-KK6JOL.jpg\"><br \/>\n<img decoding=\"async\" src=\"http:\/\/www.qslconcept.com\/images\/samples\/CA4LL-F4GQQ.jpg\"><\/td><td class=\"column-3\"><img decoding=\"async\" src=\"http:\/\/www.qslconcept.com\/images\/samples\/CA4LL-FDBDX1985.jpg\"><br \/>\n<img decoding=\"async\" src=\"http:\/\/www.qslconcept.com\/images\/samples\/CA4LL-K7RHT.jpg\"><\/td>\n<\/tr>\n<tr class=\"row-6\">\n\t<td class=\"column-1\"><img decoding=\"async\" src=\"http:\/\/www.qslconcept.com\/images\/samples\/CA5LLs.jpg\"><\/td><td class=\"column-2\"><img decoding=\"async\" src=\"http:\/\/www.qslconcept.com\/images\/samples\/CA5LL-VA6DFB.jpg\"><\/td><td class=\"column-3\"><img decoding=\"async\" src=\"http:\/\/www.qslconcept.com\/images\/samples\/CA5LL-VA2AFH.jpg\"><\/td>\n<\/tr>\n<tr class=\"row-7\">\n\t<td class=\"column-1\"><img decoding=\"async\" src=\"http:\/\/www.qslconcept.com\/images\/samples\/CA6LLs.jpg\"><\/td><td class=\"column-2\"><img decoding=\"async\" src=\"http:\/\/www.qslconcept.com\/images\/samples\/CA6LL-VE6HFD.jpg\"><\/td><td class=\"column-3\"><\/td>\n<\/tr>\n<tr class=\"row-8\">\n\t<td class=\"column-1\"><img decoding=\"async\" src=\"http:\/\/www.qslconcept.com\/images\/samples\/CA7LLs.jpg\"><\/td><td class=\"column-2\"><img decoding=\"async\" src=\"http:\/\/www.qslconcept.com\/images\/samples\/CA7LL-F0GIY.jpg\"><\/td><td class=\"column-3\"><\/td>\n<\/tr>\n<tr class=\"row-9\">\n\t<td class=\"column-1\"><img decoding=\"async\" src=\"http:\/\/www.qslconcept.com\/images\/samples\/CA8LLs.jpg\"><\/td><td class=\"column-2\"><img decoding=\"async\" src=\"http:\/\/www.qslconcept.com\/images\/samples\/CA8LL-VE9IQ.jpg\"><\/td><td class=\"column-3\"><\/td>\n<\/tr>\n<tr class=\"row-10\">\n\t<td class=\"column-1\"><img decoding=\"async\" src=\"http:\/\/www.qslconcept.com\/images\/samples\/CA9LLs.jpg\"><\/td><td class=\"column-2\"><img decoding=\"async\" src=\"http:\/\/www.qslconcept.com\/images\/samples\/CA9LL-F4HDR.jpg\"><\/td><td class=\"column-3\"><img decoding=\"async\" src=\"http:\/\/www.qslconcept.com\/images\/samples\/CA9LL-F4BGZ.jpg\"><\/td>\n<\/tr>\n<tr class=\"row-11\">\n\t<td class=\"column-1\"><\/td><td class=\"column-2\"><\/td><td class=\"column-3\"><\/td>\n<\/tr>\n<\/tbody>\n<\/table>\n<!-- #tablepress-13 from cache -->\n\n<table id=\"tablepress-14\" class=\"tablepress tablepress-id-14\">\n<thead>\n<tr class=\"row-1\">\n\t<th class=\"column-1\">Autres exemples<\/th><td class=\"column-2\"><\/td><td class=\"column-3\"><\/td>\n<\/tr>\n<\/thead>\n<tbody>\n<tr class=\"row-2\">\n\t<td class=\"column-1\"><img decoding=\"async\" src=\"http:\/\/www.qslconcept.com\/images\/samples\/VA3DP.jpg\"><br \/>\n<img decoding=\"async\" src=\"http:\/\/www.qslconcept.com\/images\/samples\/VE6JY.jpg\"><br \/>\n<img decoding=\"async\" src=\"http:\/\/www.qslconcept.com\/images\/samples\/WE1SH.jpg\"><br \/>\n<img decoding=\"async\" src=\"http:\/\/www.qslconcept.com\/images\/samples\/VK3JLS.jpg\"><br \/>\n<img decoding=\"async\" src=\"http:\/\/www.qslconcept.com\/images\/samples\/F1ALC.jpg\"><br \/>\n<img decoding=\"async\" src=\"http:\/\/www.qslconcept.com\/images\/samples\/DL2VPF.jpg\"><\/td><td class=\"column-2\"><img decoding=\"async\" src=\"http:\/\/www.qslconcept.com\/images\/samples\/ZL3IN.jpg\"><br \/>\n<img decoding=\"async\" src=\"http:\/\/www.qslconcept.com\/images\/samples\/VA7AEJ.jpg\"><br \/>\n<img decoding=\"async\" src=\"http:\/\/www.qslconcept.com\/images\/samples\/ON3PLE.jpg\"><br \/>\n<img decoding=\"async\" src=\"http:\/\/www.qslconcept.com\/images\/samples\/PJ2T.jpg\"><br \/>\n<img decoding=\"async\" src=\"http:\/\/www.qslconcept.com\/images\/samples\/VK5ADO.jpg\"><br \/>\n<img decoding=\"async\" src=\"http:\/\/www.qslconcept.com\/images\/samples\/F1PXG.jpg\"><\/td><td class=\"column-3\"><img decoding=\"async\" src=\"http:\/\/www.qslconcept.com\/images\/samples\/F4WAD.jpg\"><br \/>\n<img decoding=\"async\" src=\"http:\/\/www.qslconcept.com\/images\/samples\/VA6SP.jpg\"><br \/>\n<img decoding=\"async\" src=\"http:\/\/www.qslconcept.com\/images\/samples\/VK9AN.jpg\"><br \/>\n<img decoding=\"async\" src=\"http:\/\/www.qslconcept.com\/images\/samples\/F5HIJ.jpg\"><br \/>\n<img decoding=\"async\" src=\"http:\/\/www.qslconcept.com\/images\/samples\/ON7MD.jpg\"><br \/>\n<img decoding=\"async\" src=\"http:\/\/www.qslconcept.com\/images\/samples\/F4EMK.jpg\"><\/td>\n<\/tr>\n<\/tbody>\n<\/table>\n<!-- #tablepress-14 from cache -->\n","protected":false},"excerpt":{"rendered":"<p>Exemples de versos (dos de la carte) Voici ci-dessous quelques exemples de maquettes pour le dos de vos cartes QSL. Tous ces exemples sont 100% personnalisables, gratuitement. Nous pouvons \u00e9galement faire la montage \u00e0 partir de&#8230;<\/p>\n","protected":false},"author":1,"featured_media":0,"parent":0,"menu_order":0,"comment_status":"closed","ping_status":"closed","template":"template-full.php","meta":{"footnotes":"","_links_to":"","_links_to_target":""},"class_list":["post-2","page","type-page","status-publish","hentry"],"yoast_head":"<!-- This site is optimized with the Yoast SEO plugin v27.2 - https:\/\/yoast.com\/product\/yoast-seo-wordpress\/ -->\n<title>Exemples - QSL Concept<\/title>\n<meta name=\"description\" content=\"Exemple de maquettes pour le dos de vos cartes QSL. Chaque maquette est personnalisable, de fa\u00e7on illimit\u00e9e\" \/>\n<meta name=\"robots\" content=\"index, follow, max-snippet:-1, max-image-preview:large, max-video-preview:-1\" \/>\n<link rel=\"canonical\" href=\"https:\/\/www.qslconcept.com\/be\/exemples\/\" \/>\n<meta property=\"og:locale\" content=\"fr_FR\" \/>\n<meta property=\"og:type\" content=\"article\" \/>\n<meta property=\"og:title\" content=\"Exemples - QSL Concept\" \/>\n<meta property=\"og:description\" content=\"Exemple de maquettes pour le dos de vos cartes QSL. Chaque maquette est personnalisable, de fa\u00e7on illimit\u00e9e\" \/>\n<meta property=\"og:url\" content=\"https:\/\/www.qslconcept.com\/be\/exemples\/\" \/>\n<meta property=\"og:site_name\" content=\"QSL Concept\" \/>\n<meta property=\"article:modified_time\" content=\"2024-08-19T00:19:13+00:00\" \/>\n<meta name=\"twitter:card\" content=\"summary_large_image\" \/>\n<meta name=\"twitter:label1\" content=\"Dur\u00e9e de lecture estim\u00e9e\" \/>\n\t<meta name=\"twitter:data1\" content=\"1 minute\" \/>\n<script type=\"application\/ld+json\" class=\"yoast-schema-graph\">{\"@context\":\"https:\/\/schema.org\",\"@graph\":[{\"@type\":\"WebPage\",\"@id\":\"https:\/\/www.qslconcept.com\/be\/exemples\/\",\"url\":\"https:\/\/www.qslconcept.com\/be\/exemples\/\",\"name\":\"Exemples - QSL Concept\",\"isPartOf\":{\"@id\":\"https:\/\/www.qslconcept.com\/be\/#website\"},\"datePublished\":\"2015-06-11T13:11:46+00:00\",\"dateModified\":\"2024-08-19T00:19:13+00:00\",\"description\":\"Exemple de maquettes pour le dos de vos cartes QSL. Chaque maquette est personnalisable, de fa\u00e7on illimit\u00e9e\",\"breadcrumb\":{\"@id\":\"https:\/\/www.qslconcept.com\/be\/exemples\/#breadcrumb\"},\"inLanguage\":\"fr-FR\",\"potentialAction\":[{\"@type\":\"ReadAction\",\"target\":[\"https:\/\/www.qslconcept.com\/be\/exemples\/\"]}]},{\"@type\":\"BreadcrumbList\",\"@id\":\"https:\/\/www.qslconcept.com\/be\/exemples\/#breadcrumb\",\"itemListElement\":[{\"@type\":\"ListItem\",\"position\":1,\"name\":\"Accueil\",\"item\":\"https:\/\/www.qslconcept.com\/be\/\"},{\"@type\":\"ListItem\",\"position\":2,\"name\":\"Exemples\"}]},{\"@type\":\"WebSite\",\"@id\":\"https:\/\/www.qslconcept.com\/be\/#website\",\"url\":\"https:\/\/www.qslconcept.com\/be\/\",\"name\":\"QSL Concept\",\"description\":\"Impression de cartes QSL France, Belgique et toute l&#039;Union Europ\u00e9enne\",\"potentialAction\":[{\"@type\":\"SearchAction\",\"target\":{\"@type\":\"EntryPoint\",\"urlTemplate\":\"https:\/\/www.qslconcept.com\/be\/?s={search_term_string}\"},\"query-input\":{\"@type\":\"PropertyValueSpecification\",\"valueRequired\":true,\"valueName\":\"search_term_string\"}}],\"inLanguage\":\"fr-FR\"}]}<\/script>\n<!-- \/ Yoast SEO plugin. -->","yoast_head_json":{"title":"Exemples - QSL Concept","description":"Exemple de maquettes pour le dos de vos cartes QSL. Chaque maquette est personnalisable, de fa\u00e7on illimit\u00e9e","robots":{"index":"index","follow":"follow","max-snippet":"max-snippet:-1","max-image-preview":"max-image-preview:large","max-video-preview":"max-video-preview:-1"},"canonical":"https:\/\/www.qslconcept.com\/be\/exemples\/","og_locale":"fr_FR","og_type":"article","og_title":"Exemples - QSL Concept","og_description":"Exemple de maquettes pour le dos de vos cartes QSL. Chaque maquette est personnalisable, de fa\u00e7on illimit\u00e9e","og_url":"https:\/\/www.qslconcept.com\/be\/exemples\/","og_site_name":"QSL Concept","article_modified_time":"2024-08-19T00:19:13+00:00","twitter_card":"summary_large_image","twitter_misc":{"Dur\u00e9e de lecture estim\u00e9e":"1 minute"},"schema":{"@context":"https:\/\/schema.org","@graph":[{"@type":"WebPage","@id":"https:\/\/www.qslconcept.com\/be\/exemples\/","url":"https:\/\/www.qslconcept.com\/be\/exemples\/","name":"Exemples - QSL Concept","isPartOf":{"@id":"https:\/\/www.qslconcept.com\/be\/#website"},"datePublished":"2015-06-11T13:11:46+00:00","dateModified":"2024-08-19T00:19:13+00:00","description":"Exemple de maquettes pour le dos de vos cartes QSL. Chaque maquette est personnalisable, de fa\u00e7on illimit\u00e9e","breadcrumb":{"@id":"https:\/\/www.qslconcept.com\/be\/exemples\/#breadcrumb"},"inLanguage":"fr-FR","potentialAction":[{"@type":"ReadAction","target":["https:\/\/www.qslconcept.com\/be\/exemples\/"]}]},{"@type":"BreadcrumbList","@id":"https:\/\/www.qslconcept.com\/be\/exemples\/#breadcrumb","itemListElement":[{"@type":"ListItem","position":1,"name":"Accueil","item":"https:\/\/www.qslconcept.com\/be\/"},{"@type":"ListItem","position":2,"name":"Exemples"}]},{"@type":"WebSite","@id":"https:\/\/www.qslconcept.com\/be\/#website","url":"https:\/\/www.qslconcept.com\/be\/","name":"QSL Concept","description":"Impression de cartes QSL France, Belgique et toute l&#039;Union Europ\u00e9enne","potentialAction":[{"@type":"SearchAction","target":{"@type":"EntryPoint","urlTemplate":"https:\/\/www.qslconcept.com\/be\/?s={search_term_string}"},"query-input":{"@type":"PropertyValueSpecification","valueRequired":true,"valueName":"search_term_string"}}],"inLanguage":"fr-FR"}]}},"_links":{"self":[{"href":"https:\/\/www.qslconcept.com\/be\/wp-json\/wp\/v2\/pages\/2","targetHints":{"allow":["GET"]}}],"collection":[{"href":"https:\/\/www.qslconcept.com\/be\/wp-json\/wp\/v2\/pages"}],"about":[{"href":"https:\/\/www.qslconcept.com\/be\/wp-json\/wp\/v2\/types\/page"}],"author":[{"embeddable":true,"href":"https:\/\/www.qslconcept.com\/be\/wp-json\/wp\/v2\/users\/1"}],"replies":[{"embeddable":true,"href":"https:\/\/www.qslconcept.com\/be\/wp-json\/wp\/v2\/comments?post=2"}],"version-history":[{"count":3,"href":"https:\/\/www.qslconcept.com\/be\/wp-json\/wp\/v2\/pages\/2\/revisions"}],"predecessor-version":[{"id":2071,"href":"https:\/\/www.qslconcept.com\/be\/wp-json\/wp\/v2\/pages\/2\/revisions\/2071"}],"wp:attachment":[{"href":"https:\/\/www.qslconcept.com\/be\/wp-json\/wp\/v2\/media?parent=2"}],"curies":[{"name":"wp","href":"https:\/\/api.w.org\/{rel}","templated":true}]}}