{"id":1440,"date":"2018-05-24T21:01:43","date_gmt":"2018-05-24T19:01:43","guid":{"rendered":"http:\/\/www.qslconcept.com\/be\/?page_id=1440"},"modified":"2018-05-24T21:01:43","modified_gmt":"2018-05-24T19:01:43","slug":"donnees-personnelles","status":"publish","type":"page","link":"https:\/\/www.qslconcept.com\/be\/donnees-personnelles\/","title":{"rendered":"Donn\u00e9es personnelles"},"content":{"rendered":"<p>PROTECTION DE VOS DONNEES PERSONNELLES<\/p>\n<p>Chez QSL Concept \/ BF Technic Arts, nous nous engageaons \u00e0 100% pour la protection et la s\u00e9curit\u00e9 de vos donn\u00e9es personnelles.<\/p>\n<p>Pour toute question, merci de nous \u00e9crire \u00e0 info@qslconcept.com<\/p>\n<p>COLLECTING PERSONAL INFORMATION<\/p>\n<p>Afin de g\u00e9rer notre site internet, et de vous proposer et exp\u00e9dier nos produits, nous devons collecter certaines informations personnelles. Les informations que vous nous indiquez sont utilis\u00e9es pour la livraison de nos produits, pour la r\u00e9alisation des factures, le suivi et l&rsquo;historique des projets, ainsi que pour pouvoir vous contacter.<\/p>\n<p>Les informations que nous collectons sont les suivantes : Nom, pr\u00e9nom, indicatif, adresse (facturation et livraison si diff\u00e9rente), adresse e-mail, t\u00e9l\u00e9phone, nom d&rsquo;utilisateur.<\/p>\n<p>Nous ne collectons ni conservons vos d\u00e9tails de carte bancaire. Nous n&rsquo;utilisons pas de syst\u00e8me de traitement des paiements par carte bancaire. Tous les paiements sauf ch\u00e8ques et virements sont trait\u00e9s via Paypal.<\/p>\n<p>Nous collectons certaines de vos donn\u00e9es personnelles quand vous vous enregistrez pour toute commande sur notre site ou quand vous vous abonnez \u00e0 notre Newsletter.<\/p>\n<p>PARTAGE D&rsquo;INFORMATION<\/p>\n<p>Nous ne vendons ni ne partageons vos donn\u00e9es personnelles, et ne le feront jamais. Ceci incluant toutes les donn\u00e9es \u00e9num\u00e9r\u00e9es ci-dessus : Nom, pr\u00e9nom, indicatif, adresse (facturation et livraison si diff\u00e9rente), adresse e-mail, t\u00e9l\u00e9phone, nom d&rsquo;utilisateur.<\/p>\n<p>Nous tenons \u00e0 notre bonne r\u00e9putation, et somme convaincus que ceci est indispensable au maintient de cette bonne r\u00e9putation.<\/p>\n<p>Les transactions financi\u00e8res effectu\u00e9es via notre site Internet sont g\u00e9r\u00e9es par des fournisseurs de serv ices de paiements externes. Nous utilisons Paypal pour la France. Nous partageons les donn\u00e9es de transaction avec ces prestataires dans le but de proc\u00e9der aux paiements, ou effectuer des remboursements le cas \u00e9ch\u00e9ant. Vous trouverez davanatage d&rsquo;informations au sujet des politiques de nos prestataires ici :<\/p>\n<p><a href=\"https:\/\/www.paypal.com\/fr\/webapps\/mpp\/ua\/privacy-full\" target=\"_blank\">https:\/\/www.paypal.com\/fr\/webapps\/mpp\/ua\/privacy-full<\/a><\/p>\n<p>MESSAGES MARKETING<\/p>\n<p>Si vous avez approv\u00e9 qu&rsquo;il nous est possible de vous envoyer nos Newsletters, nous vous feront parvenir par e-mail nos rares newsletters.<\/p>\n<p>Vous pouvez arr\u00eater la r\u00e9ception de nos newsletters \u00e0 tout moment en nous contactant par e-mail \u00e0 info@qslconcept.com<\/p>\n<p>Nous mettrons \u00e0 jour votre compte afin de nous assurer que vous ne recevrez plus aucune Newsletter de notre part.<\/p>\n<p>Ceci n&rsquo;annulera pas en revanche l&rsquo;\u00e9change de messages comme les confirmations de commande, les mises \u00e0 jour de commandes, l&rsquo;envoi d&rsquo;information sur le suivi de vos colis, ou tout \u00e9change d&rsquo;e-mail dans le cadre de la r\u00e9alisation de votre projet de produit imprim\u00e9.<\/p>\n<p>CONSERVATION DE VOS DONNEES PERSONNELLES<\/p>\n<p>Nous conservons vos informations pour la gestion des services envers vous, ou pour tout besoin l\u00e9gal.<\/p>\n<p>VOS DROITS<\/p>\n<p>Vous avez de nombreux droits relatifs \u00e0 vos donn\u00e9es personnelles :<\/p>\n<p>&#8211; Le droit d&rsquo;\u00eatre inform\u00e9 de l&rsquo;usage de vos donn\u00e9es personnelles<br \/>\n&#8211; Le droit d&rsquo;acc\u00e9der aux donn\u00e9es personnelles que nous avons dans nos fichiers<br \/>\n&#8211; Le droit de demander toute correction de vos donn\u00e9es personnelles<br \/>\n&#8211; Le droit de demander la suppression de vos donn\u00e9es personnelles de nos fichiers, ou ne ne plus les collecter sous certaines circonstances<br \/>\n&#8211; Le droit d&rsquo;arr\u00eater de recevoir nos newsletters ou tout autre message marketing (vois MESSAGES MARKETING ci-dessus)<br \/>\n&#8211; Le droit de demander le transfert de vos donn\u00e9es personnelles ou de certains \u00e9l\u00e9ments de vos donn\u00e9es personnelles vers vous-m\u00eame ou tout autre tiers de votre choix<br \/>\n&#8211; Le droit de reporter tout usage de vos donn\u00e9es personnelles aus autorit\u00e9s comp\u00e9tentes<\/p>\n<p>Notez que si vous nous demander de supprimer vos donn\u00e9es personnelles et souhaitez ensuite utiliser nos services \u00e0 nouveau, il sera n\u00e9cessaire de vous r\u00e9-enregistrer sur notre site internet.<\/p>\n<p>Pour toute question, ou plainte au sujet de vos droit, merci de nous contacter \u00e0 info@qslconcept.com<\/p>\n<p>CORRECTIONS \/ MODIFICATIONS<\/p>\n<p>Nous mettons la pr\u00e9sente page \u00e0 jour pour tout changement susceptible de modifier l&rsquo;usage de vos donn\u00e9es personnelles..<\/p>\n<p>En cas de changement majeure (peu probable), nous l&rsquo;indiquerons clairement sure notre site qslconcept.com\/france ou par tout autre moyen de contact comme par e-mail, afin que vous puissiez en prendre connaissance et nous demander d&rsquo;\u00e9ventuels changements avant de pouvoir continuer \u00e0 utiliser nos services.<\/p>\n<p>COMMENT NOUS CONTACTER<\/p>\n<p>Il est toujours bon d&rsquo;avoir de vos nouvelles&#8230;<\/p>\n<p>Vous avez :<\/p>\n<p>&#8211; Une question ou un retour d&rsquo;information au sujet de cette page ?<br \/>\n&#8211; Souhaitez que nous supprimions vos donn\u00e9es personnelles de nos fichiers ?<br \/>\n&#8211; Souhaitez exercer n&rsquo;importe quel droit indiqu\u00e9 plus haut ?<\/p>\n<p>Merci de nous \u00e9crire \u00e0 info@qslconcept.com &#8211; nous nous ferons un plaisir de rpondre \u00e0 vos question et de prendre en compte vos demandes.<\/p>\n<p>Si vous pr\u00e9f\u00e9rez, vous pouvez nous \u00e9crire \u00e0 :<\/p>\n<p>QSL Concept \/ BF Technic Arts Ltd.<br \/>\n1143 West 64th Avenue<br \/>\nVancouver BC Canada<br \/>\nV6P 2M5<\/p>\n","protected":false},"excerpt":{"rendered":"<p>PROTECTION DE VOS DONNEES PERSONNELLES Chez QSL Concept \/ BF Technic Arts, nous nous engageaons \u00e0 100% pour la protection et la s\u00e9curit\u00e9 de vos donn\u00e9es personnelles. Pour toute question, merci de nous \u00e9crire \u00e0 info@qslconcept.com&#8230;<\/p>\n","protected":false},"author":1,"featured_media":0,"parent":0,"menu_order":0,"comment_status":"closed","ping_status":"closed","template":"","meta":{"footnotes":"","_links_to":"","_links_to_target":""},"class_list":["post-1440","page","type-page","status-publish","hentry"],"yoast_head":"<!-- This site is optimized with the Yoast SEO plugin v27.2 - https:\/\/yoast.com\/product\/yoast-seo-wordpress\/ -->\n<title>Donn\u00e9es personnelles - QSL Concept<\/title>\n<meta name=\"robots\" content=\"index, follow, max-snippet:-1, max-image-preview:large, max-video-preview:-1\" \/>\n<link rel=\"canonical\" href=\"https:\/\/www.qslconcept.com\/be\/donnees-personnelles\/\" \/>\n<meta property=\"og:locale\" content=\"fr_FR\" \/>\n<meta property=\"og:type\" content=\"article\" \/>\n<meta property=\"og:title\" content=\"Donn\u00e9es personnelles - QSL Concept\" \/>\n<meta property=\"og:description\" content=\"PROTECTION DE VOS DONNEES PERSONNELLES Chez QSL Concept \/ BF Technic Arts, nous nous engageaons \u00e0 100% pour la protection et la s\u00e9curit\u00e9 de vos donn\u00e9es personnelles. Pour toute question, merci de nous \u00e9crire \u00e0 info@qslconcept.com...\" \/>\n<meta property=\"og:url\" content=\"https:\/\/www.qslconcept.com\/be\/donnees-personnelles\/\" \/>\n<meta property=\"og:site_name\" content=\"QSL Concept\" \/>\n<meta name=\"twitter:card\" content=\"summary_large_image\" \/>\n<meta name=\"twitter:label1\" content=\"Dur\u00e9e de lecture estim\u00e9e\" \/>\n\t<meta name=\"twitter:data1\" content=\"4 minutes\" \/>\n<script type=\"application\/ld+json\" class=\"yoast-schema-graph\">{\"@context\":\"https:\/\/schema.org\",\"@graph\":[{\"@type\":\"WebPage\",\"@id\":\"https:\/\/www.qslconcept.com\/be\/donnees-personnelles\/\",\"url\":\"https:\/\/www.qslconcept.com\/be\/donnees-personnelles\/\",\"name\":\"Donn\u00e9es personnelles - QSL Concept\",\"isPartOf\":{\"@id\":\"https:\/\/www.qslconcept.com\/be\/#website\"},\"datePublished\":\"2018-05-24T19:01:43+00:00\",\"breadcrumb\":{\"@id\":\"https:\/\/www.qslconcept.com\/be\/donnees-personnelles\/#breadcrumb\"},\"inLanguage\":\"fr-FR\",\"potentialAction\":[{\"@type\":\"ReadAction\",\"target\":[\"https:\/\/www.qslconcept.com\/be\/donnees-personnelles\/\"]}]},{\"@type\":\"BreadcrumbList\",\"@id\":\"https:\/\/www.qslconcept.com\/be\/donnees-personnelles\/#breadcrumb\",\"itemListElement\":[{\"@type\":\"ListItem\",\"position\":1,\"name\":\"Accueil\",\"item\":\"https:\/\/www.qslconcept.com\/be\/\"},{\"@type\":\"ListItem\",\"position\":2,\"name\":\"Donn\u00e9es personnelles\"}]},{\"@type\":\"WebSite\",\"@id\":\"https:\/\/www.qslconcept.com\/be\/#website\",\"url\":\"https:\/\/www.qslconcept.com\/be\/\",\"name\":\"QSL Concept\",\"description\":\"Impression de cartes QSL France, Belgique et toute l&#039;Union Europ\u00e9enne\",\"potentialAction\":[{\"@type\":\"SearchAction\",\"target\":{\"@type\":\"EntryPoint\",\"urlTemplate\":\"https:\/\/www.qslconcept.com\/be\/?s={search_term_string}\"},\"query-input\":{\"@type\":\"PropertyValueSpecification\",\"valueRequired\":true,\"valueName\":\"search_term_string\"}}],\"inLanguage\":\"fr-FR\"}]}<\/script>\n<!-- \/ Yoast SEO plugin. -->","yoast_head_json":{"title":"Donn\u00e9es personnelles - QSL Concept","robots":{"index":"index","follow":"follow","max-snippet":"max-snippet:-1","max-image-preview":"max-image-preview:large","max-video-preview":"max-video-preview:-1"},"canonical":"https:\/\/www.qslconcept.com\/be\/donnees-personnelles\/","og_locale":"fr_FR","og_type":"article","og_title":"Donn\u00e9es personnelles - QSL Concept","og_description":"PROTECTION DE VOS DONNEES PERSONNELLES Chez QSL Concept \/ BF Technic Arts, nous nous engageaons \u00e0 100% pour la protection et la s\u00e9curit\u00e9 de vos donn\u00e9es personnelles. Pour toute question, merci de nous \u00e9crire \u00e0 info@qslconcept.com...","og_url":"https:\/\/www.qslconcept.com\/be\/donnees-personnelles\/","og_site_name":"QSL Concept","twitter_card":"summary_large_image","twitter_misc":{"Dur\u00e9e de lecture estim\u00e9e":"4 minutes"},"schema":{"@context":"https:\/\/schema.org","@graph":[{"@type":"WebPage","@id":"https:\/\/www.qslconcept.com\/be\/donnees-personnelles\/","url":"https:\/\/www.qslconcept.com\/be\/donnees-personnelles\/","name":"Donn\u00e9es personnelles - QSL Concept","isPartOf":{"@id":"https:\/\/www.qslconcept.com\/be\/#website"},"datePublished":"2018-05-24T19:01:43+00:00","breadcrumb":{"@id":"https:\/\/www.qslconcept.com\/be\/donnees-personnelles\/#breadcrumb"},"inLanguage":"fr-FR","potentialAction":[{"@type":"ReadAction","target":["https:\/\/www.qslconcept.com\/be\/donnees-personnelles\/"]}]},{"@type":"BreadcrumbList","@id":"https:\/\/www.qslconcept.com\/be\/donnees-personnelles\/#breadcrumb","itemListElement":[{"@type":"ListItem","position":1,"name":"Accueil","item":"https:\/\/www.qslconcept.com\/be\/"},{"@type":"ListItem","position":2,"name":"Donn\u00e9es personnelles"}]},{"@type":"WebSite","@id":"https:\/\/www.qslconcept.com\/be\/#website","url":"https:\/\/www.qslconcept.com\/be\/","name":"QSL Concept","description":"Impression de cartes QSL France, Belgique et toute l&#039;Union Europ\u00e9enne","potentialAction":[{"@type":"SearchAction","target":{"@type":"EntryPoint","urlTemplate":"https:\/\/www.qslconcept.com\/be\/?s={search_term_string}"},"query-input":{"@type":"PropertyValueSpecification","valueRequired":true,"valueName":"search_term_string"}}],"inLanguage":"fr-FR"}]}},"_links":{"self":[{"href":"https:\/\/www.qslconcept.com\/be\/wp-json\/wp\/v2\/pages\/1440","targetHints":{"allow":["GET"]}}],"collection":[{"href":"https:\/\/www.qslconcept.com\/be\/wp-json\/wp\/v2\/pages"}],"about":[{"href":"https:\/\/www.qslconcept.com\/be\/wp-json\/wp\/v2\/types\/page"}],"author":[{"embeddable":true,"href":"https:\/\/www.qslconcept.com\/be\/wp-json\/wp\/v2\/users\/1"}],"replies":[{"embeddable":true,"href":"https:\/\/www.qslconcept.com\/be\/wp-json\/wp\/v2\/comments?post=1440"}],"version-history":[{"count":0,"href":"https:\/\/www.qslconcept.com\/be\/wp-json\/wp\/v2\/pages\/1440\/revisions"}],"wp:attachment":[{"href":"https:\/\/www.qslconcept.com\/be\/wp-json\/wp\/v2\/media?parent=1440"}],"curies":[{"name":"wp","href":"https:\/\/api.w.org\/{rel}","templated":true}]}}