{"id":1194,"date":"2015-07-05T23:50:03","date_gmt":"2015-07-05T21:50:03","guid":{"rendered":"http:\/\/www.qslconcept.com\/be\/?page_id=1194"},"modified":"2024-08-19T02:34:05","modified_gmt":"2024-08-19T00:34:05","slug":"fichiers","status":"publish","type":"page","link":"https:\/\/www.qslconcept.com\/be\/fichiers\/","title":{"rendered":"Envoyez vos Fichiers"},"content":{"rendered":"<p>A QSL Concept, nous voulons nous assurer de la qualit\u00e9 de vos images, afin d&rsquo;obtenir un r\u00e9sultat optimal \u00e0 l&rsquo;impression de vos cartes QSL.<br \/>\nMerci d&rsquo;utiliser le formulaire ci-dessous pour nous envoyer les fichiers pour vos cartes QSL.<\/p>\n<p>&#8211; Id\u00e9alement, des versions en haute r\u00e9solution de vos photos, au format Jpg,<br \/>\n&#8211; Pour vos logo, Jpg (ou Png si le fond doit \u00eatre transparent),<br \/>\n&#8211;\u00a0Vous pouvez nous envoyer les textes par email.<\/p>\n\n<div class=\"wpcf7 no-js\" id=\"wpcf7-f1648-o1\" lang=\"fr-FR\" dir=\"ltr\" data-wpcf7-id=\"1648\">\n<div class=\"screen-reader-response\"><p role=\"status\" aria-live=\"polite\" aria-atomic=\"true\"><\/p> <ul><\/ul><\/div>\n<form action=\"\/be\/wp-json\/wp\/v2\/pages\/1194#wpcf7-f1648-o1\" method=\"post\" class=\"wpcf7-form init\" aria-label=\"Formulaire de contact\" novalidate=\"novalidate\" data-status=\"init\">\n<fieldset class=\"hidden-fields-container\"><input type=\"hidden\" name=\"_wpcf7\" value=\"1648\" \/><input type=\"hidden\" name=\"_wpcf7_version\" value=\"6.1.3\" \/><input type=\"hidden\" name=\"_wpcf7_locale\" value=\"fr_FR\" \/><input type=\"hidden\" name=\"_wpcf7_unit_tag\" value=\"wpcf7-f1648-o1\" \/><input type=\"hidden\" name=\"_wpcf7_container_post\" value=\"0\" \/><input type=\"hidden\" name=\"_wpcf7_posted_data_hash\" value=\"\" \/>\n<\/fieldset>\n<p><label> Votre nom*<br \/>\n<span class=\"wpcf7-form-control-wrap\" data-name=\"your-name\"><input size=\"40\" maxlength=\"400\" class=\"wpcf7-form-control wpcf7-text wpcf7-validates-as-required\" aria-required=\"true\" aria-invalid=\"false\" value=\"\" type=\"text\" name=\"your-name\" \/><\/span> <\/label>\n<\/p>\n<p><label> Votre indicatif<br \/>\n<span class=\"wpcf7-form-control-wrap\" data-name=\"Callsign\"><input size=\"40\" maxlength=\"400\" class=\"wpcf7-form-control wpcf7-text\" aria-invalid=\"false\" value=\"\" type=\"text\" name=\"Callsign\" \/><\/span> <\/label>\n<\/p>\n<p><label> Votre e-mail*<br \/>\n<span class=\"wpcf7-form-control-wrap\" data-name=\"your-email\"><input size=\"40\" maxlength=\"400\" class=\"wpcf7-form-control wpcf7-email wpcf7-validates-as-required wpcf7-text wpcf7-validates-as-email\" aria-required=\"true\" aria-invalid=\"false\" value=\"\" type=\"email\" name=\"your-email\" \/><\/span> <\/label>\n<\/p>\n<p><label> Objet*<br \/>\n<span class=\"wpcf7-form-control-wrap\" data-name=\"your-subject\"><input size=\"40\" maxlength=\"400\" class=\"wpcf7-form-control wpcf7-text wpcf7-validates-as-required\" aria-required=\"true\" aria-invalid=\"false\" value=\"\" type=\"text\" name=\"your-subject\" \/><\/span> <\/label>\n<\/p>\n<p><label> Votre message (facultatif)<br \/>\n<span class=\"wpcf7-form-control-wrap\" data-name=\"your-message\"><textarea cols=\"40\" rows=\"10\" maxlength=\"2000\" class=\"wpcf7-form-control wpcf7-textarea\" aria-invalid=\"false\" name=\"your-message\"><\/textarea><\/span> <\/label>\n<\/p>\n<p><span class=\"wpcf7-form-control-wrap\" data-name=\"upload-file-304\"><input size=\"40\" class=\"wpcf7-form-control wpcf7-drag-n-drop-file d-none\" aria-invalid=\"false\" type=\"file\" multiple=\"multiple\" data-name=\"upload-file-304\" data-type=\"jpg|pdf|jpeg|png|svg|doc|docx|tif|eps|ai|\" data-min=\"0\" data-id=\"1648\" data-version=\"free version 1.3.9.1\" accept=\".jpg, .pdf, .jpeg, .png, .svg, .doc, .docx, .tif, .eps, .ai, .\" \/><\/span>\n<\/p>\n<p><input class=\"wpcf7-form-control wpcf7-submit has-spinner\" type=\"submit\" value=\"Envoyer\" \/>\n<\/p><div class=\"wpcf7-response-output\" aria-hidden=\"true\"><\/div>\n<\/form>\n<\/div>\n\n<p>Cartes QSL France &#8211; Cartes QSL Belgique &#8211; Cartes QSL Europe : Maquette et livraison toujours GRATUITE.<\/p>\n","protected":false},"excerpt":{"rendered":"<p>A QSL Concept, nous voulons nous assurer de la qualit\u00e9 de vos images, afin d&rsquo;obtenir un r\u00e9sultat optimal \u00e0 l&rsquo;impression de vos cartes QSL. Merci d&rsquo;utiliser le formulaire ci-dessous pour nous envoyer les fichiers pour vos&#8230;<\/p>\n","protected":false},"author":1,"featured_media":0,"parent":0,"menu_order":0,"comment_status":"closed","ping_status":"closed","template":"","meta":{"footnotes":"","_links_to":"","_links_to_target":""},"class_list":["post-1194","page","type-page","status-publish","hentry"],"yoast_head":"<!-- This site is optimized with the Yoast SEO plugin v27.2 - https:\/\/yoast.com\/product\/yoast-seo-wordpress\/ -->\n<title>Envoyez vos Fichiers - QSL Concept<\/title>\n<meta name=\"robots\" content=\"index, follow, max-snippet:-1, max-image-preview:large, max-video-preview:-1\" \/>\n<link rel=\"canonical\" href=\"https:\/\/www.qslconcept.com\/be\/fichiers\/\" \/>\n<meta property=\"og:locale\" content=\"fr_FR\" \/>\n<meta property=\"og:type\" content=\"article\" \/>\n<meta property=\"og:title\" content=\"Envoyez vos Fichiers - QSL Concept\" \/>\n<meta property=\"og:description\" content=\"A QSL Concept, nous voulons nous assurer de la qualit\u00e9 de vos images, afin d&rsquo;obtenir un r\u00e9sultat optimal \u00e0 l&rsquo;impression de vos cartes QSL. Merci d&rsquo;utiliser le formulaire ci-dessous pour nous envoyer les fichiers pour vos...\" \/>\n<meta property=\"og:url\" content=\"https:\/\/www.qslconcept.com\/be\/fichiers\/\" \/>\n<meta property=\"og:site_name\" content=\"QSL Concept\" \/>\n<meta property=\"article:modified_time\" content=\"2024-08-19T00:34:05+00:00\" \/>\n<meta name=\"twitter:card\" content=\"summary_large_image\" \/>\n<meta name=\"twitter:label1\" content=\"Dur\u00e9e de lecture estim\u00e9e\" \/>\n\t<meta name=\"twitter:data1\" content=\"1 minute\" \/>\n<script type=\"application\/ld+json\" class=\"yoast-schema-graph\">{\"@context\":\"https:\/\/schema.org\",\"@graph\":[{\"@type\":\"WebPage\",\"@id\":\"https:\/\/www.qslconcept.com\/be\/fichiers\/\",\"url\":\"https:\/\/www.qslconcept.com\/be\/fichiers\/\",\"name\":\"Envoyez vos Fichiers - QSL Concept\",\"isPartOf\":{\"@id\":\"https:\/\/www.qslconcept.com\/be\/#website\"},\"datePublished\":\"2015-07-05T21:50:03+00:00\",\"dateModified\":\"2024-08-19T00:34:05+00:00\",\"breadcrumb\":{\"@id\":\"https:\/\/www.qslconcept.com\/be\/fichiers\/#breadcrumb\"},\"inLanguage\":\"fr-FR\",\"potentialAction\":[{\"@type\":\"ReadAction\",\"target\":[\"https:\/\/www.qslconcept.com\/be\/fichiers\/\"]}]},{\"@type\":\"BreadcrumbList\",\"@id\":\"https:\/\/www.qslconcept.com\/be\/fichiers\/#breadcrumb\",\"itemListElement\":[{\"@type\":\"ListItem\",\"position\":1,\"name\":\"Accueil\",\"item\":\"https:\/\/www.qslconcept.com\/be\/\"},{\"@type\":\"ListItem\",\"position\":2,\"name\":\"Envoyez vos Fichiers\"}]},{\"@type\":\"WebSite\",\"@id\":\"https:\/\/www.qslconcept.com\/be\/#website\",\"url\":\"https:\/\/www.qslconcept.com\/be\/\",\"name\":\"QSL Concept\",\"description\":\"Impression de cartes QSL France, Belgique et toute l&#039;Union Europ\u00e9enne\",\"potentialAction\":[{\"@type\":\"SearchAction\",\"target\":{\"@type\":\"EntryPoint\",\"urlTemplate\":\"https:\/\/www.qslconcept.com\/be\/?s={search_term_string}\"},\"query-input\":{\"@type\":\"PropertyValueSpecification\",\"valueRequired\":true,\"valueName\":\"search_term_string\"}}],\"inLanguage\":\"fr-FR\"}]}<\/script>\n<!-- \/ Yoast SEO plugin. -->","yoast_head_json":{"title":"Envoyez vos Fichiers - QSL Concept","robots":{"index":"index","follow":"follow","max-snippet":"max-snippet:-1","max-image-preview":"max-image-preview:large","max-video-preview":"max-video-preview:-1"},"canonical":"https:\/\/www.qslconcept.com\/be\/fichiers\/","og_locale":"fr_FR","og_type":"article","og_title":"Envoyez vos Fichiers - QSL Concept","og_description":"A QSL Concept, nous voulons nous assurer de la qualit\u00e9 de vos images, afin d&rsquo;obtenir un r\u00e9sultat optimal \u00e0 l&rsquo;impression de vos cartes QSL. Merci d&rsquo;utiliser le formulaire ci-dessous pour nous envoyer les fichiers pour vos...","og_url":"https:\/\/www.qslconcept.com\/be\/fichiers\/","og_site_name":"QSL Concept","article_modified_time":"2024-08-19T00:34:05+00:00","twitter_card":"summary_large_image","twitter_misc":{"Dur\u00e9e de lecture estim\u00e9e":"1 minute"},"schema":{"@context":"https:\/\/schema.org","@graph":[{"@type":"WebPage","@id":"https:\/\/www.qslconcept.com\/be\/fichiers\/","url":"https:\/\/www.qslconcept.com\/be\/fichiers\/","name":"Envoyez vos Fichiers - QSL Concept","isPartOf":{"@id":"https:\/\/www.qslconcept.com\/be\/#website"},"datePublished":"2015-07-05T21:50:03+00:00","dateModified":"2024-08-19T00:34:05+00:00","breadcrumb":{"@id":"https:\/\/www.qslconcept.com\/be\/fichiers\/#breadcrumb"},"inLanguage":"fr-FR","potentialAction":[{"@type":"ReadAction","target":["https:\/\/www.qslconcept.com\/be\/fichiers\/"]}]},{"@type":"BreadcrumbList","@id":"https:\/\/www.qslconcept.com\/be\/fichiers\/#breadcrumb","itemListElement":[{"@type":"ListItem","position":1,"name":"Accueil","item":"https:\/\/www.qslconcept.com\/be\/"},{"@type":"ListItem","position":2,"name":"Envoyez vos Fichiers"}]},{"@type":"WebSite","@id":"https:\/\/www.qslconcept.com\/be\/#website","url":"https:\/\/www.qslconcept.com\/be\/","name":"QSL Concept","description":"Impression de cartes QSL France, Belgique et toute l&#039;Union Europ\u00e9enne","potentialAction":[{"@type":"SearchAction","target":{"@type":"EntryPoint","urlTemplate":"https:\/\/www.qslconcept.com\/be\/?s={search_term_string}"},"query-input":{"@type":"PropertyValueSpecification","valueRequired":true,"valueName":"search_term_string"}}],"inLanguage":"fr-FR"}]}},"_links":{"self":[{"href":"https:\/\/www.qslconcept.com\/be\/wp-json\/wp\/v2\/pages\/1194","targetHints":{"allow":["GET"]}}],"collection":[{"href":"https:\/\/www.qslconcept.com\/be\/wp-json\/wp\/v2\/pages"}],"about":[{"href":"https:\/\/www.qslconcept.com\/be\/wp-json\/wp\/v2\/types\/page"}],"author":[{"embeddable":true,"href":"https:\/\/www.qslconcept.com\/be\/wp-json\/wp\/v2\/users\/1"}],"replies":[{"embeddable":true,"href":"https:\/\/www.qslconcept.com\/be\/wp-json\/wp\/v2\/comments?post=1194"}],"version-history":[{"count":9,"href":"https:\/\/www.qslconcept.com\/be\/wp-json\/wp\/v2\/pages\/1194\/revisions"}],"predecessor-version":[{"id":2075,"href":"https:\/\/www.qslconcept.com\/be\/wp-json\/wp\/v2\/pages\/1194\/revisions\/2075"}],"wp:attachment":[{"href":"https:\/\/www.qslconcept.com\/be\/wp-json\/wp\/v2\/media?parent=1194"}],"curies":[{"name":"wp","href":"https:\/\/api.w.org\/{rel}","templated":true}]}}